{"id":1064,"date":"2024-01-12T11:10:33","date_gmt":"2024-01-12T11:10:33","guid":{"rendered":"https:\/\/injection-molds.eu\/zaruka\/"},"modified":"2024-04-11T10:42:27","modified_gmt":"2024-04-11T10:42:27","slug":"zaruka","status":"publish","type":"page","link":"https:\/\/injection-molds.eu\/cs\/zaruka\/","title":{"rendered":"Z\u00e1ruka"},"content":{"rendered":"\t\t<div data-elementor-type=\"wp-page\" data-elementor-id=\"1064\" class=\"elementor elementor-1064 elementor-279\" data-elementor-post-type=\"page\">\n\t\t\t\t\t\t\t<div class=\"elementor-element elementor-element-7bb91e1 e-flex e-con-boxed e-con e-parent\" data-id=\"7bb91e1\" data-element_type=\"container\" data-settings=\"{&quot;background_background&quot;:&quot;video&quot;,&quot;background_video_link&quot;:&quot;https:\\\/\\\/injection-molds.eu\\\/wp-content\\\/uploads\\\/2024\\\/01\\\/8eeb-4652-b278-d68e95d47b78.mp4&quot;,&quot;container_type&quot;:&quot;flex&quot;,&quot;content_width&quot;:&quot;boxed&quot;}\" data-core-v316-plus=\"true\">\n\t\t\t\t\t<div class=\"e-con-inner\">\n\t\t<div class=\"elementor-background-video-container elementor-hidden-phone\">\n\t\t\t\t\t\t\t<video class=\"elementor-background-video-hosted elementor-html5-video\" autoplay muted playsinline loop><\/video>\n\t\t\t\t\t<\/div><div class=\"elementor-element elementor-element-43cee59 e-con-full e-flex e-con e-child\" data-id=\"43cee59\" data-element_type=\"container\" data-settings=\"{&quot;content_width&quot;:&quot;full&quot;,&quot;container_type&quot;:&quot;flex&quot;}\">\n\t\t\t\t<div class=\"elementor-element elementor-element-0cee6a6 elementor-widget elementor-widget-breadcrumbs\" data-id=\"0cee6a6\" data-element_type=\"widget\" data-widget_type=\"breadcrumbs.default\">\n\t\t\t\t<div class=\"elementor-widget-container\">\n\t\t\t<link rel=\"stylesheet\" href=\"https:\/\/injection-molds.eu\/wp-content\/plugins\/elementor-pro\/assets\/css\/widget-theme-elements.min.css\"><p id=\"breadcrumbs\"><span><span><a href=\"https:\/\/injection-molds.eu\/cs\/\">Strona g\u0142\u00f3wna<\/a><\/span><\/span><\/p>\t\t<\/div>\n\t\t\t\t<\/div>\n\t\t\t\t<div class=\"elementor-element elementor-element-5fee9c2 elementor-widget elementor-widget-heading\" data-id=\"5fee9c2\" data-element_type=\"widget\" data-widget_type=\"heading.default\">\n\t\t\t\t<div class=\"elementor-widget-container\">\n\t\t\t<style>\/*! elementor - v3.18.0 - 20-12-2023 *\/\n.elementor-heading-title{padding:0;margin:0;line-height:1}.elementor-widget-heading .elementor-heading-title[class*=elementor-size-]>a{color:inherit;font-size:inherit;line-height:inherit}.elementor-widget-heading .elementor-heading-title.elementor-size-small{font-size:15px}.elementor-widget-heading .elementor-heading-title.elementor-size-medium{font-size:19px}.elementor-widget-heading .elementor-heading-title.elementor-size-large{font-size:29px}.elementor-widget-heading .elementor-heading-title.elementor-size-xl{font-size:39px}.elementor-widget-heading .elementor-heading-title.elementor-size-xxl{font-size:59px}<\/style><h1 class=\"elementor-heading-title elementor-size-default\">Z\u00e1ruka<\/h1>\t\t<\/div>\n\t\t\t\t<\/div>\n\t\t\t\t<\/div>\n\t\t<div class=\"elementor-element elementor-element-0b14282 e-con-full e-flex e-con e-child\" data-id=\"0b14282\" data-element_type=\"container\" data-settings=\"{&quot;content_width&quot;:&quot;full&quot;,&quot;container_type&quot;:&quot;flex&quot;}\">\n\t\t\t\t<\/div>\n\t\t\t\t\t<\/div>\n\t\t\t\t<\/div>\n\t\t<div class=\"elementor-element elementor-element-243c545 e-grid e-con-boxed e-con e-parent\" data-id=\"243c545\" data-element_type=\"container\" data-settings=\"{&quot;container_type&quot;:&quot;grid&quot;,&quot;grid_columns_grid&quot;:{&quot;unit&quot;:&quot;fr&quot;,&quot;size&quot;:&quot;2&quot;,&quot;sizes&quot;:[]},&quot;grid_rows_grid&quot;:{&quot;unit&quot;:&quot;fr&quot;,&quot;size&quot;:&quot;1&quot;,&quot;sizes&quot;:[]},&quot;grid_rows_grid_mobile&quot;:{&quot;unit&quot;:&quot;fr&quot;,&quot;size&quot;:&quot;1&quot;,&quot;sizes&quot;:[]},&quot;content_width&quot;:&quot;boxed&quot;,&quot;grid_outline&quot;:&quot;yes&quot;,&quot;grid_columns_grid_tablet&quot;:{&quot;unit&quot;:&quot;fr&quot;,&quot;size&quot;:&quot;&quot;,&quot;sizes&quot;:[]},&quot;grid_columns_grid_mobile&quot;:{&quot;unit&quot;:&quot;fr&quot;,&quot;size&quot;:1,&quot;sizes&quot;:[]},&quot;grid_rows_grid_tablet&quot;:{&quot;unit&quot;:&quot;fr&quot;,&quot;size&quot;:&quot;&quot;,&quot;sizes&quot;:[]},&quot;grid_auto_flow&quot;:&quot;row&quot;,&quot;grid_auto_flow_tablet&quot;:&quot;row&quot;,&quot;grid_auto_flow_mobile&quot;:&quot;row&quot;}\" data-core-v316-plus=\"true\">\n\t\t\t\t\t<div class=\"e-con-inner\">\n\t\t\t\t<div class=\"elementor-element elementor-element-5c60940 elementor-widget elementor-widget-heading\" data-id=\"5c60940\" data-element_type=\"widget\" data-widget_type=\"heading.default\">\n\t\t\t\t<div class=\"elementor-widget-container\">\n\t\t\t<h2 class=\"elementor-heading-title elementor-size-default\">V\u00fdroba v \u010c\u00edn\u011b, evropsk\u00e1 z\u00e1ruka<\/h2>\t\t<\/div>\n\t\t\t\t<\/div>\n\t\t\t\t<div class=\"elementor-element elementor-element-2b01941 elementor-widget elementor-widget-text-editor\" data-id=\"2b01941\" data-element_type=\"widget\" data-widget_type=\"text-editor.default\">\n\t\t\t\t<div class=\"elementor-widget-container\">\n\t\t\t<style>\/*! elementor - v3.18.0 - 20-12-2023 *\/\n.elementor-widget-text-editor.elementor-drop-cap-view-stacked .elementor-drop-cap{background-color:#69727d;color:#fff}.elementor-widget-text-editor.elementor-drop-cap-view-framed .elementor-drop-cap{color:#69727d;border:3px solid;background-color:transparent}.elementor-widget-text-editor:not(.elementor-drop-cap-view-default) .elementor-drop-cap{margin-top:8px}.elementor-widget-text-editor:not(.elementor-drop-cap-view-default) .elementor-drop-cap-letter{width:1em;height:1em}.elementor-widget-text-editor .elementor-drop-cap{float:left;text-align:center;line-height:1;font-size:50px}.elementor-widget-text-editor .elementor-drop-cap-letter{display:inline-block}<\/style>\t\t\t\t<p>Jsme kombinac\u00ed v\u00fdhod v\u00fdroby v \u010c\u00edn\u011b a evropsk\u00e9 pr\u00e1vnick\u00e9 osoby. M\u00e1me <strong>osv\u011bd\u010den\u00e9 v\u00fdrobn\u00ed za\u0159\u00edzen\u00ed<\/strong>. Jako <strong>odborn\u00edci na technologii vst\u0159ikov\u00e1n\u00ed<\/strong> ov\u011b\u0159ujeme p\u0159edpoklady a n\u00e1sledn\u011b spr\u00e1vnost vyroben\u00e9 formy.  <\/p>\n\t\t\t\t\t\t<\/div>\n\t\t\t\t<\/div>\n\t\t\t\t\t<\/div>\n\t\t\t\t<\/div>\n\t\t<div class=\"elementor-element elementor-element-9447c97 e-grid e-con-boxed e-con e-parent\" data-id=\"9447c97\" data-element_type=\"container\" data-settings=\"{&quot;container_type&quot;:&quot;grid&quot;,&quot;grid_columns_grid&quot;:{&quot;unit&quot;:&quot;fr&quot;,&quot;size&quot;:&quot;2&quot;,&quot;sizes&quot;:[]},&quot;grid_rows_grid&quot;:{&quot;unit&quot;:&quot;fr&quot;,&quot;size&quot;:&quot;1&quot;,&quot;sizes&quot;:[]},&quot;grid_rows_grid_mobile&quot;:{&quot;unit&quot;:&quot;fr&quot;,&quot;size&quot;:&quot;1&quot;,&quot;sizes&quot;:[]},&quot;content_width&quot;:&quot;boxed&quot;,&quot;grid_outline&quot;:&quot;yes&quot;,&quot;grid_columns_grid_tablet&quot;:{&quot;unit&quot;:&quot;fr&quot;,&quot;size&quot;:&quot;&quot;,&quot;sizes&quot;:[]},&quot;grid_columns_grid_mobile&quot;:{&quot;unit&quot;:&quot;fr&quot;,&quot;size&quot;:1,&quot;sizes&quot;:[]},&quot;grid_rows_grid_tablet&quot;:{&quot;unit&quot;:&quot;fr&quot;,&quot;size&quot;:&quot;&quot;,&quot;sizes&quot;:[]},&quot;grid_auto_flow&quot;:&quot;row&quot;,&quot;grid_auto_flow_tablet&quot;:&quot;row&quot;,&quot;grid_auto_flow_mobile&quot;:&quot;row&quot;}\" data-core-v316-plus=\"true\">\n\t\t\t\t\t<div class=\"e-con-inner\">\n\t\t\t\t<div class=\"elementor-element elementor-element-4672251 elementor-widget elementor-widget-heading\" data-id=\"4672251\" data-element_type=\"widget\" data-widget_type=\"heading.default\">\n\t\t\t\t<div class=\"elementor-widget-container\">\n\t\t\t<h2 class=\"elementor-heading-title elementor-size-default\">Pr\u00e1ce se vst\u0159ikovac\u00edmi formami znamen\u00e1 bezpe\u010dnost a zabezpe\u010den\u00ed<\/h2>\t\t<\/div>\n\t\t\t\t<\/div>\n\t\t\t\t<div class=\"elementor-element elementor-element-f3a06b5 elementor-widget elementor-widget-text-editor\" data-id=\"f3a06b5\" data-element_type=\"widget\" data-widget_type=\"text-editor.default\">\n\t\t\t\t<div class=\"elementor-widget-container\">\n\t\t\t\t\t\t\t<p>V\u00fdroba vst\u0159ikovac\u00edch forem v \u010c\u00edn\u011b s sebou nese mnoho v\u00fdzev, nap\u0159\u00edklad v\u00fdb\u011br spr\u00e1vn\u00e9ho z\u00e1vodu a parametr\u016f formy. Jsme odborn\u00edci na v\u00fdrobu forem i na zpracov\u00e1n\u00ed plast\u016f, tak\u017ee jsme schopni vybrat spr\u00e1vn\u00e9 parametry forem a minimalizovat rizika spojen\u00e1 s dovozem forem na vlastn\u00ed p\u011bst, jako je nejistota ohledn\u011b v\u00fdrobn\u00edho z\u00e1vodu, probl\u00e9my s komunikac\u00ed, absence evropsk\u00e9 z\u00e1ruky na v\u00fdrobek nebo nutnost vy\u0159izovat celn\u00ed, p\u0159epravn\u00ed a dal\u0161\u00ed dokumenty.<\/p>\n<p>Spoluprac\u00ed s n\u00e1mi se tak vyhnete:<\/p>\n<ul style=\"font-size: 14px; background-image: none; background-color: #ffffff;\">\n<li style=\"font-size: 14px; background-image: none; background-color: #ffffff;\">obava, \u017ee se k v\u00e1m forma nedostane nebo nebude spl\u0148ovat va\u0161e po\u017eadavky (nap\u0159. bude m\u00edt n\u00edzkou \u017eivotnost, bude pou\u017e\u00edvat levn\u00e9 materi\u00e1ly, bude p\u0159\u00edli\u0161 mal\u00e1).<\/li>\n<li style=\"font-size: 14px; background-image: none; background-color: #ffffff;\">zpo\u017ed\u011bn\u00ed p\u0159i v\u00fdrob\u011b forem a prototyp\u016f (nap\u0159. v\u00edce p\u0159ipom\u00ednek, kter\u00e9 nebudou zohledn\u011bny).<br \/>Nechte si od n\u00e1s vyrobit vst\u0159ikovac\u00ed formu v \u010c\u00edn\u011b a my se postar\u00e1me o v\u0161e, aby formy splnily va\u0161e o\u010dek\u00e1v\u00e1n\u00ed a byly dokon\u010deny v\u010das.<\/li>\n<\/ul>\n\t\t\t\t\t\t<\/div>\n\t\t\t\t<\/div>\n\t\t\t\t\t<\/div>\n\t\t\t\t<\/div>\n\t\t<div class=\"elementor-element elementor-element-9e7cd5c e-grid e-con-boxed e-con e-parent\" data-id=\"9e7cd5c\" data-element_type=\"container\" data-settings=\"{&quot;container_type&quot;:&quot;grid&quot;,&quot;grid_columns_grid&quot;:{&quot;unit&quot;:&quot;fr&quot;,&quot;size&quot;:&quot;2&quot;,&quot;sizes&quot;:[]},&quot;grid_rows_grid&quot;:{&quot;unit&quot;:&quot;fr&quot;,&quot;size&quot;:&quot;1&quot;,&quot;sizes&quot;:[]},&quot;grid_rows_grid_mobile&quot;:{&quot;unit&quot;:&quot;fr&quot;,&quot;size&quot;:&quot;1&quot;,&quot;sizes&quot;:[]},&quot;content_width&quot;:&quot;boxed&quot;,&quot;grid_outline&quot;:&quot;yes&quot;,&quot;grid_columns_grid_tablet&quot;:{&quot;unit&quot;:&quot;fr&quot;,&quot;size&quot;:&quot;&quot;,&quot;sizes&quot;:[]},&quot;grid_columns_grid_mobile&quot;:{&quot;unit&quot;:&quot;fr&quot;,&quot;size&quot;:1,&quot;sizes&quot;:[]},&quot;grid_rows_grid_tablet&quot;:{&quot;unit&quot;:&quot;fr&quot;,&quot;size&quot;:&quot;&quot;,&quot;sizes&quot;:[]},&quot;grid_auto_flow&quot;:&quot;row&quot;,&quot;grid_auto_flow_tablet&quot;:&quot;row&quot;,&quot;grid_auto_flow_mobile&quot;:&quot;row&quot;}\" data-core-v316-plus=\"true\">\n\t\t\t\t\t<div class=\"e-con-inner\">\n\t\t\t\t<div class=\"elementor-element elementor-element-e97783d elementor-widget elementor-widget-heading\" data-id=\"e97783d\" data-element_type=\"widget\" data-widget_type=\"heading.default\">\n\t\t\t\t<div class=\"elementor-widget-container\">\n\t\t\t<h2 class=\"elementor-heading-title elementor-size-default\">Z\u00e1ruka a odpov\u011bdnost<\/h2>\t\t<\/div>\n\t\t\t\t<\/div>\n\t\t\t\t<div class=\"elementor-element elementor-element-847b1cc elementor-widget elementor-widget-text-editor\" data-id=\"847b1cc\" data-element_type=\"widget\" data-widget_type=\"text-editor.default\">\n\t\t\t\t<div class=\"elementor-widget-container\">\n\t\t\t\t\t\t\t<p>P\u0159eb\u00edr\u00e1me plnou odpov\u011bdnost za to, \u017ee formul\u00e1\u0159, kter\u00fd obdr\u017e\u00edte, odpov\u00edd\u00e1 va\u0161im pot\u0159eb\u00e1m.<\/p><p>Standardn\u00ed z\u00e1ruka je t\u0159i roky nebo 500 000 v\u00fdrobn\u00edch cykl\u016f ve form\u011b. V p\u0159\u00edpad\u011b pot\u0159eby ji m\u016f\u017eeme prodlou\u017eit.<\/p><ul style=\"font-size: 14px; background-image: none; background-color: #ffffff;\">\n<\/ul>\t\t\t\t\t\t<\/div>\n\t\t\t\t<\/div>\n\t\t\t\t\t<\/div>\n\t\t\t\t<\/div>\n\t\t\t\t\t\t\t<\/div>\n\t\t","protected":false},"excerpt":{"rendered":"<p>V\u00fdroba v \u010c\u00edn\u011b, evropsk\u00e1 z\u00e1ruka Jsme kombinac\u00ed v\u00fdhod v\u00fdroby v \u010c\u00edn\u011b a evropsk\u00e9 pr\u00e1vnick\u00e9 osoby. M\u00e1me osv\u011bd\u010den\u00e9 v\u00fdrobn\u00ed za\u0159\u00edzen\u00ed. Jako odborn\u00edci na technologii vst\u0159ikov\u00e1n\u00ed ov\u011b\u0159ujeme p\u0159edpoklady a n\u00e1sledn\u011b spr\u00e1vnost vyroben\u00e9 formy. Pr\u00e1ce se vst\u0159ikovac\u00edmi formami znamen\u00e1 bezpe\u010dnost a zabezpe\u010den\u00ed V\u00fdroba vst\u0159ikovac\u00edch forem v \u010c\u00edn\u011b s sebou nese mnoho v\u00fdzev, nap\u0159\u00edklad v\u00fdb\u011br spr\u00e1vn\u00e9ho z\u00e1vodu a parametr\u016f [&hellip;]<\/p>\n","protected":false},"author":4,"featured_media":0,"parent":0,"menu_order":0,"comment_status":"closed","ping_status":"closed","template":"elementor_header_footer","meta":{"om_disable_all_campaigns":false,"_uf_show_specific_survey":0,"_uf_disable_surveys":false,"footnotes":""},"class_list":["post-1064","page","type-page","status-publish","hentry"],"yoast_head":"<!-- This site is optimized with the Yoast SEO plugin v21.8 - https:\/\/yoast.com\/wordpress\/plugins\/seo\/ -->\n<title>Z\u00e1ruka - Injection Molds<\/title>\n<meta name=\"robots\" content=\"index, follow, max-snippet:-1, max-image-preview:large, max-video-preview:-1\" \/>\n<link rel=\"canonical\" href=\"https:\/\/injection-molds.eu\/cs\/zaruka\/\" \/>\n<meta property=\"og:locale\" content=\"cs_CZ\" \/>\n<meta property=\"og:type\" content=\"article\" \/>\n<meta property=\"og:title\" content=\"Z\u00e1ruka - Injection Molds\" \/>\n<meta property=\"og:description\" content=\"V\u00fdroba v \u010c\u00edn\u011b, evropsk\u00e1 z\u00e1ruka Jsme kombinac\u00ed v\u00fdhod v\u00fdroby v \u010c\u00edn\u011b a evropsk\u00e9 pr\u00e1vnick\u00e9 osoby. M\u00e1me osv\u011bd\u010den\u00e9 v\u00fdrobn\u00ed za\u0159\u00edzen\u00ed. Jako odborn\u00edci na technologii vst\u0159ikov\u00e1n\u00ed ov\u011b\u0159ujeme p\u0159edpoklady a n\u00e1sledn\u011b spr\u00e1vnost vyroben\u00e9 formy. Pr\u00e1ce se vst\u0159ikovac\u00edmi formami znamen\u00e1 bezpe\u010dnost a zabezpe\u010den\u00ed V\u00fdroba vst\u0159ikovac\u00edch forem v \u010c\u00edn\u011b s sebou nese mnoho v\u00fdzev, nap\u0159\u00edklad v\u00fdb\u011br spr\u00e1vn\u00e9ho z\u00e1vodu a parametr\u016f [&hellip;]\" \/>\n<meta property=\"og:url\" content=\"https:\/\/injection-molds.eu\/cs\/zaruka\/\" \/>\n<meta property=\"og:site_name\" content=\"Injection Molds\" \/>\n<meta property=\"article:modified_time\" content=\"2024-04-11T10:42:27+00:00\" \/>\n<meta name=\"twitter:card\" content=\"summary_large_image\" \/>\n<meta name=\"twitter:label1\" content=\"Odhadovan\u00e1 doba \u010dten\u00ed\" \/>\n\t<meta name=\"twitter:data1\" content=\"1 minuta\" \/>\n<script type=\"application\/ld+json\" class=\"yoast-schema-graph\">{\"@context\":\"https:\/\/schema.org\",\"@graph\":[{\"@type\":\"WebPage\",\"@id\":\"https:\/\/injection-molds.eu\/cs\/zaruka\/\",\"url\":\"https:\/\/injection-molds.eu\/cs\/zaruka\/\",\"name\":\"Z\u00e1ruka - Injection Molds\",\"isPartOf\":{\"@id\":\"https:\/\/injection-molds.eu\/cs\/#website\"},\"datePublished\":\"2024-01-12T11:10:33+00:00\",\"dateModified\":\"2024-04-11T10:42:27+00:00\",\"breadcrumb\":{\"@id\":\"https:\/\/injection-molds.eu\/cs\/zaruka\/#breadcrumb\"},\"inLanguage\":\"cs\",\"potentialAction\":[{\"@type\":\"ReadAction\",\"target\":[\"https:\/\/injection-molds.eu\/cs\/zaruka\/\"]}]},{\"@type\":\"BreadcrumbList\",\"@id\":\"https:\/\/injection-molds.eu\/cs\/zaruka\/#breadcrumb\",\"itemListElement\":[{\"@type\":\"ListItem\",\"position\":1,\"name\":\"Strona g\u0142\u00f3wna\",\"item\":\"https:\/\/injection-molds.eu\/cs\/\"},{\"@type\":\"ListItem\",\"position\":2,\"name\":\"Z\u00e1ruka\"}]},{\"@type\":\"WebSite\",\"@id\":\"https:\/\/injection-molds.eu\/cs\/#website\",\"url\":\"https:\/\/injection-molds.eu\/cs\/\",\"name\":\"Injection Molds\",\"description\":\"\",\"publisher\":{\"@id\":\"https:\/\/injection-molds.eu\/cs\/#organization\"},\"potentialAction\":[{\"@type\":\"SearchAction\",\"target\":{\"@type\":\"EntryPoint\",\"urlTemplate\":\"https:\/\/injection-molds.eu\/cs\/?s={search_term_string}\"},\"query-input\":\"required name=search_term_string\"}],\"inLanguage\":\"cs\"},{\"@type\":\"Organization\",\"@id\":\"https:\/\/injection-molds.eu\/cs\/#organization\",\"name\":\"Injection Molds\",\"url\":\"https:\/\/injection-molds.eu\/cs\/\",\"logo\":{\"@type\":\"ImageObject\",\"inLanguage\":\"cs\",\"@id\":\"https:\/\/injection-molds.eu\/cs\/#\/schema\/logo\/image\/\",\"url\":\"https:\/\/injection-molds.eu\/wp-content\/uploads\/2024\/01\/Logo.svg\",\"contentUrl\":\"https:\/\/injection-molds.eu\/wp-content\/uploads\/2024\/01\/Logo.svg\",\"width\":174,\"height\":29,\"caption\":\"Injection Molds\"},\"image\":{\"@id\":\"https:\/\/injection-molds.eu\/cs\/#\/schema\/logo\/image\/\"}}]}<\/script>\n<!-- \/ Yoast SEO plugin. -->","yoast_head_json":{"title":"Z\u00e1ruka - Injection Molds","robots":{"index":"index","follow":"follow","max-snippet":"max-snippet:-1","max-image-preview":"max-image-preview:large","max-video-preview":"max-video-preview:-1"},"canonical":"https:\/\/injection-molds.eu\/cs\/zaruka\/","og_locale":"cs_CZ","og_type":"article","og_title":"Z\u00e1ruka - Injection Molds","og_description":"V\u00fdroba v \u010c\u00edn\u011b, evropsk\u00e1 z\u00e1ruka Jsme kombinac\u00ed v\u00fdhod v\u00fdroby v \u010c\u00edn\u011b a evropsk\u00e9 pr\u00e1vnick\u00e9 osoby. M\u00e1me osv\u011bd\u010den\u00e9 v\u00fdrobn\u00ed za\u0159\u00edzen\u00ed. Jako odborn\u00edci na technologii vst\u0159ikov\u00e1n\u00ed ov\u011b\u0159ujeme p\u0159edpoklady a n\u00e1sledn\u011b spr\u00e1vnost vyroben\u00e9 formy. Pr\u00e1ce se vst\u0159ikovac\u00edmi formami znamen\u00e1 bezpe\u010dnost a zabezpe\u010den\u00ed V\u00fdroba vst\u0159ikovac\u00edch forem v \u010c\u00edn\u011b s sebou nese mnoho v\u00fdzev, nap\u0159\u00edklad v\u00fdb\u011br spr\u00e1vn\u00e9ho z\u00e1vodu a parametr\u016f [&hellip;]","og_url":"https:\/\/injection-molds.eu\/cs\/zaruka\/","og_site_name":"Injection Molds","article_modified_time":"2024-04-11T10:42:27+00:00","twitter_card":"summary_large_image","twitter_misc":{"Odhadovan\u00e1 doba \u010dten\u00ed":"1 minuta"},"schema":{"@context":"https:\/\/schema.org","@graph":[{"@type":"WebPage","@id":"https:\/\/injection-molds.eu\/cs\/zaruka\/","url":"https:\/\/injection-molds.eu\/cs\/zaruka\/","name":"Z\u00e1ruka - Injection Molds","isPartOf":{"@id":"https:\/\/injection-molds.eu\/cs\/#website"},"datePublished":"2024-01-12T11:10:33+00:00","dateModified":"2024-04-11T10:42:27+00:00","breadcrumb":{"@id":"https:\/\/injection-molds.eu\/cs\/zaruka\/#breadcrumb"},"inLanguage":"cs","potentialAction":[{"@type":"ReadAction","target":["https:\/\/injection-molds.eu\/cs\/zaruka\/"]}]},{"@type":"BreadcrumbList","@id":"https:\/\/injection-molds.eu\/cs\/zaruka\/#breadcrumb","itemListElement":[{"@type":"ListItem","position":1,"name":"Strona g\u0142\u00f3wna","item":"https:\/\/injection-molds.eu\/cs\/"},{"@type":"ListItem","position":2,"name":"Z\u00e1ruka"}]},{"@type":"WebSite","@id":"https:\/\/injection-molds.eu\/cs\/#website","url":"https:\/\/injection-molds.eu\/cs\/","name":"Injection Molds","description":"","publisher":{"@id":"https:\/\/injection-molds.eu\/cs\/#organization"},"potentialAction":[{"@type":"SearchAction","target":{"@type":"EntryPoint","urlTemplate":"https:\/\/injection-molds.eu\/cs\/?s={search_term_string}"},"query-input":"required name=search_term_string"}],"inLanguage":"cs"},{"@type":"Organization","@id":"https:\/\/injection-molds.eu\/cs\/#organization","name":"Injection Molds","url":"https:\/\/injection-molds.eu\/cs\/","logo":{"@type":"ImageObject","inLanguage":"cs","@id":"https:\/\/injection-molds.eu\/cs\/#\/schema\/logo\/image\/","url":"https:\/\/injection-molds.eu\/wp-content\/uploads\/2024\/01\/Logo.svg","contentUrl":"https:\/\/injection-molds.eu\/wp-content\/uploads\/2024\/01\/Logo.svg","width":174,"height":29,"caption":"Injection Molds"},"image":{"@id":"https:\/\/injection-molds.eu\/cs\/#\/schema\/logo\/image\/"}}]}},"_links":{"self":[{"href":"https:\/\/injection-molds.eu\/cs\/wp-json\/wp\/v2\/pages\/1064","targetHints":{"allow":["GET"]}}],"collection":[{"href":"https:\/\/injection-molds.eu\/cs\/wp-json\/wp\/v2\/pages"}],"about":[{"href":"https:\/\/injection-molds.eu\/cs\/wp-json\/wp\/v2\/types\/page"}],"author":[{"embeddable":true,"href":"https:\/\/injection-molds.eu\/cs\/wp-json\/wp\/v2\/users\/4"}],"replies":[{"embeddable":true,"href":"https:\/\/injection-molds.eu\/cs\/wp-json\/wp\/v2\/comments?post=1064"}],"version-history":[{"count":1,"href":"https:\/\/injection-molds.eu\/cs\/wp-json\/wp\/v2\/pages\/1064\/revisions"}],"predecessor-version":[{"id":1065,"href":"https:\/\/injection-molds.eu\/cs\/wp-json\/wp\/v2\/pages\/1064\/revisions\/1065"}],"wp:attachment":[{"href":"https:\/\/injection-molds.eu\/cs\/wp-json\/wp\/v2\/media?parent=1064"}],"curies":[{"name":"wp","href":"https:\/\/api.w.org\/{rel}","templated":true}]}}