{"id":1069,"date":"2024-01-12T11:10:33","date_gmt":"2024-01-12T11:10:33","guid":{"rendered":"https:\/\/injection-molds.eu\/garanti\/"},"modified":"2024-04-11T10:42:28","modified_gmt":"2024-04-11T10:42:28","slug":"garanti","status":"publish","type":"page","link":"https:\/\/injection-molds.eu\/da\/garanti\/","title":{"rendered":"Garanti"},"content":{"rendered":"\t\t<div data-elementor-type=\"wp-page\" data-elementor-id=\"1069\" class=\"elementor elementor-1069 elementor-279\" data-elementor-post-type=\"page\">\n\t\t\t\t\t\t\t<div class=\"elementor-element elementor-element-7bb91e1 e-flex e-con-boxed e-con e-parent\" data-id=\"7bb91e1\" data-element_type=\"container\" data-settings=\"{&quot;background_background&quot;:&quot;video&quot;,&quot;background_video_link&quot;:&quot;https:\\\/\\\/injection-molds.eu\\\/wp-content\\\/uploads\\\/2024\\\/01\\\/8eeb-4652-b278-d68e95d47b78.mp4&quot;,&quot;container_type&quot;:&quot;flex&quot;,&quot;content_width&quot;:&quot;boxed&quot;}\" data-core-v316-plus=\"true\">\n\t\t\t\t\t<div class=\"e-con-inner\">\n\t\t<div class=\"elementor-background-video-container elementor-hidden-phone\">\n\t\t\t\t\t\t\t<video class=\"elementor-background-video-hosted elementor-html5-video\" autoplay muted playsinline loop><\/video>\n\t\t\t\t\t<\/div><div class=\"elementor-element elementor-element-43cee59 e-con-full e-flex e-con e-child\" data-id=\"43cee59\" data-element_type=\"container\" data-settings=\"{&quot;content_width&quot;:&quot;full&quot;,&quot;container_type&quot;:&quot;flex&quot;}\">\n\t\t\t\t<div class=\"elementor-element elementor-element-0cee6a6 elementor-widget elementor-widget-breadcrumbs\" data-id=\"0cee6a6\" data-element_type=\"widget\" data-widget_type=\"breadcrumbs.default\">\n\t\t\t\t<div class=\"elementor-widget-container\">\n\t\t\t<link rel=\"stylesheet\" href=\"https:\/\/injection-molds.eu\/wp-content\/plugins\/elementor-pro\/assets\/css\/widget-theme-elements.min.css\"><p id=\"breadcrumbs\"><span><span><a href=\"https:\/\/injection-molds.eu\/da\/\">Strona g\u0142\u00f3wna<\/a><\/span><\/span><\/p>\t\t<\/div>\n\t\t\t\t<\/div>\n\t\t\t\t<div class=\"elementor-element elementor-element-5fee9c2 elementor-widget elementor-widget-heading\" data-id=\"5fee9c2\" data-element_type=\"widget\" data-widget_type=\"heading.default\">\n\t\t\t\t<div class=\"elementor-widget-container\">\n\t\t\t<style>\/*! elementor - v3.18.0 - 20-12-2023 *\/\n.elementor-heading-title{padding:0;margin:0;line-height:1}.elementor-widget-heading .elementor-heading-title[class*=elementor-size-]>a{color:inherit;font-size:inherit;line-height:inherit}.elementor-widget-heading .elementor-heading-title.elementor-size-small{font-size:15px}.elementor-widget-heading .elementor-heading-title.elementor-size-medium{font-size:19px}.elementor-widget-heading .elementor-heading-title.elementor-size-large{font-size:29px}.elementor-widget-heading .elementor-heading-title.elementor-size-xl{font-size:39px}.elementor-widget-heading .elementor-heading-title.elementor-size-xxl{font-size:59px}<\/style><h1 class=\"elementor-heading-title elementor-size-default\">Garanti<\/h1>\t\t<\/div>\n\t\t\t\t<\/div>\n\t\t\t\t<\/div>\n\t\t<div class=\"elementor-element elementor-element-0b14282 e-con-full e-flex e-con e-child\" data-id=\"0b14282\" data-element_type=\"container\" data-settings=\"{&quot;content_width&quot;:&quot;full&quot;,&quot;container_type&quot;:&quot;flex&quot;}\">\n\t\t\t\t<\/div>\n\t\t\t\t\t<\/div>\n\t\t\t\t<\/div>\n\t\t<div class=\"elementor-element elementor-element-243c545 e-grid e-con-boxed e-con e-parent\" data-id=\"243c545\" data-element_type=\"container\" data-settings=\"{&quot;container_type&quot;:&quot;grid&quot;,&quot;grid_columns_grid&quot;:{&quot;unit&quot;:&quot;fr&quot;,&quot;size&quot;:&quot;2&quot;,&quot;sizes&quot;:[]},&quot;grid_rows_grid&quot;:{&quot;unit&quot;:&quot;fr&quot;,&quot;size&quot;:&quot;1&quot;,&quot;sizes&quot;:[]},&quot;grid_rows_grid_mobile&quot;:{&quot;unit&quot;:&quot;fr&quot;,&quot;size&quot;:&quot;1&quot;,&quot;sizes&quot;:[]},&quot;content_width&quot;:&quot;boxed&quot;,&quot;grid_outline&quot;:&quot;yes&quot;,&quot;grid_columns_grid_tablet&quot;:{&quot;unit&quot;:&quot;fr&quot;,&quot;size&quot;:&quot;&quot;,&quot;sizes&quot;:[]},&quot;grid_columns_grid_mobile&quot;:{&quot;unit&quot;:&quot;fr&quot;,&quot;size&quot;:1,&quot;sizes&quot;:[]},&quot;grid_rows_grid_tablet&quot;:{&quot;unit&quot;:&quot;fr&quot;,&quot;size&quot;:&quot;&quot;,&quot;sizes&quot;:[]},&quot;grid_auto_flow&quot;:&quot;row&quot;,&quot;grid_auto_flow_tablet&quot;:&quot;row&quot;,&quot;grid_auto_flow_mobile&quot;:&quot;row&quot;}\" data-core-v316-plus=\"true\">\n\t\t\t\t\t<div class=\"e-con-inner\">\n\t\t\t\t<div class=\"elementor-element elementor-element-5c60940 elementor-widget elementor-widget-heading\" data-id=\"5c60940\" data-element_type=\"widget\" data-widget_type=\"heading.default\">\n\t\t\t\t<div class=\"elementor-widget-container\">\n\t\t\t<h2 class=\"elementor-heading-title elementor-size-default\">Produktion i Kina, europ\u00e6isk garanti<\/h2>\t\t<\/div>\n\t\t\t\t<\/div>\n\t\t\t\t<div class=\"elementor-element elementor-element-2b01941 elementor-widget elementor-widget-text-editor\" data-id=\"2b01941\" data-element_type=\"widget\" data-widget_type=\"text-editor.default\">\n\t\t\t\t<div class=\"elementor-widget-container\">\n\t\t\t<style>\/*! elementor - v3.18.0 - 20-12-2023 *\/\n.elementor-widget-text-editor.elementor-drop-cap-view-stacked .elementor-drop-cap{background-color:#69727d;color:#fff}.elementor-widget-text-editor.elementor-drop-cap-view-framed .elementor-drop-cap{color:#69727d;border:3px solid;background-color:transparent}.elementor-widget-text-editor:not(.elementor-drop-cap-view-default) .elementor-drop-cap{margin-top:8px}.elementor-widget-text-editor:not(.elementor-drop-cap-view-default) .elementor-drop-cap-letter{width:1em;height:1em}.elementor-widget-text-editor .elementor-drop-cap{float:left;text-align:center;line-height:1;font-size:50px}.elementor-widget-text-editor .elementor-drop-cap-letter{display:inline-block}<\/style>\t\t\t\t<p>Vi er en kombination af fordelene ved at producere i Kina og en europ\u00e6isk juridisk enhed. Vi har <strong>et gennempr\u00f8vet produktionsanl\u00e6g<\/strong>. Som <strong>eksperter i spr\u00f8jtest\u00f8bningsteknologi<\/strong> verificerer vi antagelserne og derefter korrektheden af den fremstillede form.  <\/p>\n\t\t\t\t\t\t<\/div>\n\t\t\t\t<\/div>\n\t\t\t\t\t<\/div>\n\t\t\t\t<\/div>\n\t\t<div class=\"elementor-element elementor-element-9447c97 e-grid e-con-boxed e-con e-parent\" data-id=\"9447c97\" data-element_type=\"container\" data-settings=\"{&quot;container_type&quot;:&quot;grid&quot;,&quot;grid_columns_grid&quot;:{&quot;unit&quot;:&quot;fr&quot;,&quot;size&quot;:&quot;2&quot;,&quot;sizes&quot;:[]},&quot;grid_rows_grid&quot;:{&quot;unit&quot;:&quot;fr&quot;,&quot;size&quot;:&quot;1&quot;,&quot;sizes&quot;:[]},&quot;grid_rows_grid_mobile&quot;:{&quot;unit&quot;:&quot;fr&quot;,&quot;size&quot;:&quot;1&quot;,&quot;sizes&quot;:[]},&quot;content_width&quot;:&quot;boxed&quot;,&quot;grid_outline&quot;:&quot;yes&quot;,&quot;grid_columns_grid_tablet&quot;:{&quot;unit&quot;:&quot;fr&quot;,&quot;size&quot;:&quot;&quot;,&quot;sizes&quot;:[]},&quot;grid_columns_grid_mobile&quot;:{&quot;unit&quot;:&quot;fr&quot;,&quot;size&quot;:1,&quot;sizes&quot;:[]},&quot;grid_rows_grid_tablet&quot;:{&quot;unit&quot;:&quot;fr&quot;,&quot;size&quot;:&quot;&quot;,&quot;sizes&quot;:[]},&quot;grid_auto_flow&quot;:&quot;row&quot;,&quot;grid_auto_flow_tablet&quot;:&quot;row&quot;,&quot;grid_auto_flow_mobile&quot;:&quot;row&quot;}\" data-core-v316-plus=\"true\">\n\t\t\t\t\t<div class=\"e-con-inner\">\n\t\t\t\t<div class=\"elementor-element elementor-element-4672251 elementor-widget elementor-widget-heading\" data-id=\"4672251\" data-element_type=\"widget\" data-widget_type=\"heading.default\">\n\t\t\t\t<div class=\"elementor-widget-container\">\n\t\t\t<h2 class=\"elementor-heading-title elementor-size-default\">At arbejde med spr\u00f8jtest\u00f8beforme betyder sikkerhed og tryghed<\/h2>\t\t<\/div>\n\t\t\t\t<\/div>\n\t\t\t\t<div class=\"elementor-element elementor-element-f3a06b5 elementor-widget elementor-widget-text-editor\" data-id=\"f3a06b5\" data-element_type=\"widget\" data-widget_type=\"text-editor.default\">\n\t\t\t\t<div class=\"elementor-widget-container\">\n\t\t\t\t\t\t\t<p>At producere spr\u00f8jtest\u00f8bev\u00e6rkt\u00f8jer i Kina indeb\u00e6rer mange udfordringer, s\u00e5som at v\u00e6lge det rigtige anl\u00e6g og v\u00e6rkt\u00f8jsparametre. Vi er eksperter i b\u00e5de formfremstilling og plastforarbejdning, s\u00e5 vi er i stand til at v\u00e6lge de rigtige formparametre og minimere de risici, der er forbundet med at importere forme p\u00e5 egen h\u00e5nd, s\u00e5som usikkerhed om produktionsfaciliteten, kommunikationsproblemer, manglende europ\u00e6isk produktgaranti eller selv at skulle tage sig af told, transport og andre dokumenter.<\/p>\n<p>Ved at arbejde med os undg\u00e5r du s\u00e5ledes:<\/p>\n<ul style=\"font-size: 14px; background-image: none; background-color: #ffffff;\">\n<li style=\"font-size: 14px; background-image: none; background-color: #ffffff;\">frygt for, at st\u00f8beformen ikke vil n\u00e5 dig eller ikke vil opfylde dine krav (f.eks. vil have en lav levetid, vil bruge budgetmaterialer, vil v\u00e6re for lille)<\/li>\n<li style=\"font-size: 14px; background-image: none; background-color: #ffffff;\">forsinkelser i produktionen af st\u00f8beforme og prototyper (f.eks. flere kommentarer, der ikke vil blive taget i betragtning)<br \/>F\u00e5 os til at fremstille dine spr\u00f8jtest\u00f8beforme i Kina, s\u00e5 s\u00f8rger vi for alt, s\u00e5 formene lever op til dine forventninger og bliver f\u00e6rdige til tiden.<\/li>\n<\/ul>\n\t\t\t\t\t\t<\/div>\n\t\t\t\t<\/div>\n\t\t\t\t\t<\/div>\n\t\t\t\t<\/div>\n\t\t<div class=\"elementor-element elementor-element-9e7cd5c e-grid e-con-boxed e-con e-parent\" data-id=\"9e7cd5c\" data-element_type=\"container\" data-settings=\"{&quot;container_type&quot;:&quot;grid&quot;,&quot;grid_columns_grid&quot;:{&quot;unit&quot;:&quot;fr&quot;,&quot;size&quot;:&quot;2&quot;,&quot;sizes&quot;:[]},&quot;grid_rows_grid&quot;:{&quot;unit&quot;:&quot;fr&quot;,&quot;size&quot;:&quot;1&quot;,&quot;sizes&quot;:[]},&quot;grid_rows_grid_mobile&quot;:{&quot;unit&quot;:&quot;fr&quot;,&quot;size&quot;:&quot;1&quot;,&quot;sizes&quot;:[]},&quot;content_width&quot;:&quot;boxed&quot;,&quot;grid_outline&quot;:&quot;yes&quot;,&quot;grid_columns_grid_tablet&quot;:{&quot;unit&quot;:&quot;fr&quot;,&quot;size&quot;:&quot;&quot;,&quot;sizes&quot;:[]},&quot;grid_columns_grid_mobile&quot;:{&quot;unit&quot;:&quot;fr&quot;,&quot;size&quot;:1,&quot;sizes&quot;:[]},&quot;grid_rows_grid_tablet&quot;:{&quot;unit&quot;:&quot;fr&quot;,&quot;size&quot;:&quot;&quot;,&quot;sizes&quot;:[]},&quot;grid_auto_flow&quot;:&quot;row&quot;,&quot;grid_auto_flow_tablet&quot;:&quot;row&quot;,&quot;grid_auto_flow_mobile&quot;:&quot;row&quot;}\" data-core-v316-plus=\"true\">\n\t\t\t\t\t<div class=\"e-con-inner\">\n\t\t\t\t<div class=\"elementor-element elementor-element-e97783d elementor-widget elementor-widget-heading\" data-id=\"e97783d\" data-element_type=\"widget\" data-widget_type=\"heading.default\">\n\t\t\t\t<div class=\"elementor-widget-container\">\n\t\t\t<h2 class=\"elementor-heading-title elementor-size-default\">Garanti og ansvar<\/h2>\t\t<\/div>\n\t\t\t\t<\/div>\n\t\t\t\t<div class=\"elementor-element elementor-element-847b1cc elementor-widget elementor-widget-text-editor\" data-id=\"847b1cc\" data-element_type=\"widget\" data-widget_type=\"text-editor.default\">\n\t\t\t\t<div class=\"elementor-widget-container\">\n\t\t\t\t\t\t\t<p>Vi tager det fulde ansvar for at sikre, at den formular, du modtager, opfylder dine behov.<\/p><p>Standardgarantien er tre \u00e5r, eller 500.000 produktionscyklusser gennem st\u00f8beformen. Vi er i stand til at forl\u00e6nge den, hvis det er n\u00f8dvendigt.<\/p><ul style=\"font-size: 14px; background-image: none; background-color: #ffffff;\">\n<\/ul>\t\t\t\t\t\t<\/div>\n\t\t\t\t<\/div>\n\t\t\t\t\t<\/div>\n\t\t\t\t<\/div>\n\t\t\t\t\t\t\t<\/div>\n\t\t","protected":false},"excerpt":{"rendered":"<p>Produktion i Kina, europ\u00e6isk garanti Vi er en kombination af fordelene ved at producere i Kina og en europ\u00e6isk juridisk enhed. Vi har et gennempr\u00f8vet produktionsanl\u00e6g. Som eksperter i spr\u00f8jtest\u00f8bningsteknologi verificerer vi antagelserne og derefter korrektheden af den fremstillede form. At arbejde med spr\u00f8jtest\u00f8beforme betyder sikkerhed og tryghed At producere spr\u00f8jtest\u00f8bev\u00e6rkt\u00f8jer i Kina indeb\u00e6rer mange [&hellip;]<\/p>\n","protected":false},"author":4,"featured_media":0,"parent":0,"menu_order":0,"comment_status":"closed","ping_status":"closed","template":"elementor_header_footer","meta":{"om_disable_all_campaigns":false,"_uf_show_specific_survey":0,"_uf_disable_surveys":false,"footnotes":""},"class_list":["post-1069","page","type-page","status-publish","hentry"],"yoast_head":"<!-- This site is optimized with the Yoast SEO plugin v21.8 - https:\/\/yoast.com\/wordpress\/plugins\/seo\/ -->\n<title>Garanti - Injection Molds<\/title>\n<meta name=\"robots\" content=\"index, follow, max-snippet:-1, max-image-preview:large, max-video-preview:-1\" \/>\n<link rel=\"canonical\" href=\"https:\/\/injection-molds.eu\/da\/garanti\/\" \/>\n<meta property=\"og:locale\" content=\"da_DK\" \/>\n<meta property=\"og:type\" content=\"article\" \/>\n<meta property=\"og:title\" content=\"Garanti - Injection Molds\" \/>\n<meta property=\"og:description\" content=\"Produktion i Kina, europ\u00e6isk garanti Vi er en kombination af fordelene ved at producere i Kina og en europ\u00e6isk juridisk enhed. Vi har et gennempr\u00f8vet produktionsanl\u00e6g. Som eksperter i spr\u00f8jtest\u00f8bningsteknologi verificerer vi antagelserne og derefter korrektheden af den fremstillede form. At arbejde med spr\u00f8jtest\u00f8beforme betyder sikkerhed og tryghed At producere spr\u00f8jtest\u00f8bev\u00e6rkt\u00f8jer i Kina indeb\u00e6rer mange [&hellip;]\" \/>\n<meta property=\"og:url\" content=\"https:\/\/injection-molds.eu\/da\/garanti\/\" \/>\n<meta property=\"og:site_name\" content=\"Injection Molds\" \/>\n<meta property=\"article:modified_time\" content=\"2024-04-11T10:42:28+00:00\" \/>\n<meta name=\"twitter:card\" content=\"summary_large_image\" \/>\n<meta name=\"twitter:label1\" content=\"Estimeret l\u00e6setid\" \/>\n\t<meta name=\"twitter:data1\" content=\"1 minut\" \/>\n<script type=\"application\/ld+json\" class=\"yoast-schema-graph\">{\"@context\":\"https:\/\/schema.org\",\"@graph\":[{\"@type\":\"WebPage\",\"@id\":\"https:\/\/injection-molds.eu\/da\/garanti\/\",\"url\":\"https:\/\/injection-molds.eu\/da\/garanti\/\",\"name\":\"Garanti - Injection Molds\",\"isPartOf\":{\"@id\":\"https:\/\/injection-molds.eu\/da\/#website\"},\"datePublished\":\"2024-01-12T11:10:33+00:00\",\"dateModified\":\"2024-04-11T10:42:28+00:00\",\"breadcrumb\":{\"@id\":\"https:\/\/injection-molds.eu\/da\/garanti\/#breadcrumb\"},\"inLanguage\":\"da-DK\",\"potentialAction\":[{\"@type\":\"ReadAction\",\"target\":[\"https:\/\/injection-molds.eu\/da\/garanti\/\"]}]},{\"@type\":\"BreadcrumbList\",\"@id\":\"https:\/\/injection-molds.eu\/da\/garanti\/#breadcrumb\",\"itemListElement\":[{\"@type\":\"ListItem\",\"position\":1,\"name\":\"Strona g\u0142\u00f3wna\",\"item\":\"https:\/\/injection-molds.eu\/da\/\"},{\"@type\":\"ListItem\",\"position\":2,\"name\":\"Garanti\"}]},{\"@type\":\"WebSite\",\"@id\":\"https:\/\/injection-molds.eu\/da\/#website\",\"url\":\"https:\/\/injection-molds.eu\/da\/\",\"name\":\"Injection Molds\",\"description\":\"\",\"publisher\":{\"@id\":\"https:\/\/injection-molds.eu\/da\/#organization\"},\"potentialAction\":[{\"@type\":\"SearchAction\",\"target\":{\"@type\":\"EntryPoint\",\"urlTemplate\":\"https:\/\/injection-molds.eu\/da\/?s={search_term_string}\"},\"query-input\":\"required name=search_term_string\"}],\"inLanguage\":\"da-DK\"},{\"@type\":\"Organization\",\"@id\":\"https:\/\/injection-molds.eu\/da\/#organization\",\"name\":\"Injection Molds\",\"url\":\"https:\/\/injection-molds.eu\/da\/\",\"logo\":{\"@type\":\"ImageObject\",\"inLanguage\":\"da-DK\",\"@id\":\"https:\/\/injection-molds.eu\/da\/#\/schema\/logo\/image\/\",\"url\":\"https:\/\/injection-molds.eu\/wp-content\/uploads\/2024\/01\/Logo.svg\",\"contentUrl\":\"https:\/\/injection-molds.eu\/wp-content\/uploads\/2024\/01\/Logo.svg\",\"width\":174,\"height\":29,\"caption\":\"Injection Molds\"},\"image\":{\"@id\":\"https:\/\/injection-molds.eu\/da\/#\/schema\/logo\/image\/\"}}]}<\/script>\n<!-- \/ Yoast SEO plugin. -->","yoast_head_json":{"title":"Garanti - Injection Molds","robots":{"index":"index","follow":"follow","max-snippet":"max-snippet:-1","max-image-preview":"max-image-preview:large","max-video-preview":"max-video-preview:-1"},"canonical":"https:\/\/injection-molds.eu\/da\/garanti\/","og_locale":"da_DK","og_type":"article","og_title":"Garanti - Injection Molds","og_description":"Produktion i Kina, europ\u00e6isk garanti Vi er en kombination af fordelene ved at producere i Kina og en europ\u00e6isk juridisk enhed. Vi har et gennempr\u00f8vet produktionsanl\u00e6g. Som eksperter i spr\u00f8jtest\u00f8bningsteknologi verificerer vi antagelserne og derefter korrektheden af den fremstillede form. At arbejde med spr\u00f8jtest\u00f8beforme betyder sikkerhed og tryghed At producere spr\u00f8jtest\u00f8bev\u00e6rkt\u00f8jer i Kina indeb\u00e6rer mange [&hellip;]","og_url":"https:\/\/injection-molds.eu\/da\/garanti\/","og_site_name":"Injection Molds","article_modified_time":"2024-04-11T10:42:28+00:00","twitter_card":"summary_large_image","twitter_misc":{"Estimeret l\u00e6setid":"1 minut"},"schema":{"@context":"https:\/\/schema.org","@graph":[{"@type":"WebPage","@id":"https:\/\/injection-molds.eu\/da\/garanti\/","url":"https:\/\/injection-molds.eu\/da\/garanti\/","name":"Garanti - Injection Molds","isPartOf":{"@id":"https:\/\/injection-molds.eu\/da\/#website"},"datePublished":"2024-01-12T11:10:33+00:00","dateModified":"2024-04-11T10:42:28+00:00","breadcrumb":{"@id":"https:\/\/injection-molds.eu\/da\/garanti\/#breadcrumb"},"inLanguage":"da-DK","potentialAction":[{"@type":"ReadAction","target":["https:\/\/injection-molds.eu\/da\/garanti\/"]}]},{"@type":"BreadcrumbList","@id":"https:\/\/injection-molds.eu\/da\/garanti\/#breadcrumb","itemListElement":[{"@type":"ListItem","position":1,"name":"Strona g\u0142\u00f3wna","item":"https:\/\/injection-molds.eu\/da\/"},{"@type":"ListItem","position":2,"name":"Garanti"}]},{"@type":"WebSite","@id":"https:\/\/injection-molds.eu\/da\/#website","url":"https:\/\/injection-molds.eu\/da\/","name":"Injection Molds","description":"","publisher":{"@id":"https:\/\/injection-molds.eu\/da\/#organization"},"potentialAction":[{"@type":"SearchAction","target":{"@type":"EntryPoint","urlTemplate":"https:\/\/injection-molds.eu\/da\/?s={search_term_string}"},"query-input":"required name=search_term_string"}],"inLanguage":"da-DK"},{"@type":"Organization","@id":"https:\/\/injection-molds.eu\/da\/#organization","name":"Injection Molds","url":"https:\/\/injection-molds.eu\/da\/","logo":{"@type":"ImageObject","inLanguage":"da-DK","@id":"https:\/\/injection-molds.eu\/da\/#\/schema\/logo\/image\/","url":"https:\/\/injection-molds.eu\/wp-content\/uploads\/2024\/01\/Logo.svg","contentUrl":"https:\/\/injection-molds.eu\/wp-content\/uploads\/2024\/01\/Logo.svg","width":174,"height":29,"caption":"Injection Molds"},"image":{"@id":"https:\/\/injection-molds.eu\/da\/#\/schema\/logo\/image\/"}}]}},"_links":{"self":[{"href":"https:\/\/injection-molds.eu\/da\/wp-json\/wp\/v2\/pages\/1069","targetHints":{"allow":["GET"]}}],"collection":[{"href":"https:\/\/injection-molds.eu\/da\/wp-json\/wp\/v2\/pages"}],"about":[{"href":"https:\/\/injection-molds.eu\/da\/wp-json\/wp\/v2\/types\/page"}],"author":[{"embeddable":true,"href":"https:\/\/injection-molds.eu\/da\/wp-json\/wp\/v2\/users\/4"}],"replies":[{"embeddable":true,"href":"https:\/\/injection-molds.eu\/da\/wp-json\/wp\/v2\/comments?post=1069"}],"version-history":[{"count":1,"href":"https:\/\/injection-molds.eu\/da\/wp-json\/wp\/v2\/pages\/1069\/revisions"}],"predecessor-version":[{"id":1070,"href":"https:\/\/injection-molds.eu\/da\/wp-json\/wp\/v2\/pages\/1069\/revisions\/1070"}],"wp:attachment":[{"href":"https:\/\/injection-molds.eu\/da\/wp-json\/wp\/v2\/media?parent=1069"}],"curies":[{"name":"wp","href":"https:\/\/api.w.org\/{rel}","templated":true}]}}