{"id":279,"date":"2024-01-12T11:10:33","date_gmt":"2024-01-12T11:10:33","guid":{"rendered":"https:\/\/injection-molds.eu\/?page_id=279"},"modified":"2024-04-10T13:38:17","modified_gmt":"2024-04-10T13:38:17","slug":"gwarancja","status":"publish","type":"page","link":"https:\/\/injection-molds.eu\/pl\/gwarancja\/","title":{"rendered":"Gwarancja"},"content":{"rendered":"\t\t<div data-elementor-type=\"wp-page\" data-elementor-id=\"279\" class=\"elementor elementor-279\" data-elementor-post-type=\"page\">\n\t\t\t\t\t\t\t<div class=\"elementor-element elementor-element-7bb91e1 e-flex e-con-boxed e-con e-parent\" data-id=\"7bb91e1\" data-element_type=\"container\" data-settings=\"{&quot;background_background&quot;:&quot;video&quot;,&quot;background_video_link&quot;:&quot;https:\\\/\\\/injection-molds.eu\\\/wp-content\\\/uploads\\\/2024\\\/01\\\/8eeb-4652-b278-d68e95d47b78.mp4&quot;,&quot;container_type&quot;:&quot;flex&quot;,&quot;content_width&quot;:&quot;boxed&quot;}\" data-core-v316-plus=\"true\">\n\t\t\t\t\t<div class=\"e-con-inner\">\n\t\t<div class=\"elementor-background-video-container elementor-hidden-phone\">\n\t\t\t\t\t\t\t<video class=\"elementor-background-video-hosted elementor-html5-video\" autoplay muted playsinline loop><\/video>\n\t\t\t\t\t<\/div><div class=\"elementor-element elementor-element-43cee59 e-con-full e-flex e-con e-child\" data-id=\"43cee59\" data-element_type=\"container\" data-settings=\"{&quot;content_width&quot;:&quot;full&quot;,&quot;container_type&quot;:&quot;flex&quot;}\">\n\t\t\t\t<div class=\"elementor-element elementor-element-0cee6a6 elementor-widget elementor-widget-breadcrumbs\" data-id=\"0cee6a6\" data-element_type=\"widget\" data-widget_type=\"breadcrumbs.default\">\n\t\t\t\t<div class=\"elementor-widget-container\">\n\t\t\t<link rel=\"stylesheet\" href=\"https:\/\/injection-molds.eu\/wp-content\/plugins\/elementor-pro\/assets\/css\/widget-theme-elements.min.css\"><p id=\"breadcrumbs\"><span><span><a href=\"https:\/\/injection-molds.eu\/pl\/\">Strona g\u0142\u00f3wna<\/a><\/span><\/span><\/p>\t\t<\/div>\n\t\t\t\t<\/div>\n\t\t\t\t<div class=\"elementor-element elementor-element-5fee9c2 elementor-widget elementor-widget-heading\" data-id=\"5fee9c2\" data-element_type=\"widget\" data-widget_type=\"heading.default\">\n\t\t\t\t<div class=\"elementor-widget-container\">\n\t\t\t<style>\/*! elementor - v3.18.0 - 20-12-2023 *\/\n.elementor-heading-title{padding:0;margin:0;line-height:1}.elementor-widget-heading .elementor-heading-title[class*=elementor-size-]>a{color:inherit;font-size:inherit;line-height:inherit}.elementor-widget-heading .elementor-heading-title.elementor-size-small{font-size:15px}.elementor-widget-heading .elementor-heading-title.elementor-size-medium{font-size:19px}.elementor-widget-heading .elementor-heading-title.elementor-size-large{font-size:29px}.elementor-widget-heading .elementor-heading-title.elementor-size-xl{font-size:39px}.elementor-widget-heading .elementor-heading-title.elementor-size-xxl{font-size:59px}<\/style><h1 class=\"elementor-heading-title elementor-size-default\">Gwarancja<\/h1>\t\t<\/div>\n\t\t\t\t<\/div>\n\t\t\t\t<\/div>\n\t\t<div class=\"elementor-element elementor-element-0b14282 e-con-full e-flex e-con e-child\" data-id=\"0b14282\" data-element_type=\"container\" data-settings=\"{&quot;content_width&quot;:&quot;full&quot;,&quot;container_type&quot;:&quot;flex&quot;}\">\n\t\t\t\t<\/div>\n\t\t\t\t\t<\/div>\n\t\t\t\t<\/div>\n\t\t<div class=\"elementor-element elementor-element-243c545 e-grid e-con-boxed e-con e-parent\" data-id=\"243c545\" data-element_type=\"container\" data-settings=\"{&quot;container_type&quot;:&quot;grid&quot;,&quot;grid_columns_grid&quot;:{&quot;unit&quot;:&quot;fr&quot;,&quot;size&quot;:&quot;2&quot;,&quot;sizes&quot;:[]},&quot;grid_rows_grid&quot;:{&quot;unit&quot;:&quot;fr&quot;,&quot;size&quot;:&quot;1&quot;,&quot;sizes&quot;:[]},&quot;grid_rows_grid_mobile&quot;:{&quot;unit&quot;:&quot;fr&quot;,&quot;size&quot;:&quot;1&quot;,&quot;sizes&quot;:[]},&quot;content_width&quot;:&quot;boxed&quot;,&quot;grid_outline&quot;:&quot;yes&quot;,&quot;grid_columns_grid_tablet&quot;:{&quot;unit&quot;:&quot;fr&quot;,&quot;size&quot;:&quot;&quot;,&quot;sizes&quot;:[]},&quot;grid_columns_grid_mobile&quot;:{&quot;unit&quot;:&quot;fr&quot;,&quot;size&quot;:1,&quot;sizes&quot;:[]},&quot;grid_rows_grid_tablet&quot;:{&quot;unit&quot;:&quot;fr&quot;,&quot;size&quot;:&quot;&quot;,&quot;sizes&quot;:[]},&quot;grid_auto_flow&quot;:&quot;row&quot;,&quot;grid_auto_flow_tablet&quot;:&quot;row&quot;,&quot;grid_auto_flow_mobile&quot;:&quot;row&quot;}\" data-core-v316-plus=\"true\">\n\t\t\t\t\t<div class=\"e-con-inner\">\n\t\t\t\t<div class=\"elementor-element elementor-element-5c60940 elementor-widget elementor-widget-heading\" data-id=\"5c60940\" data-element_type=\"widget\" data-widget_type=\"heading.default\">\n\t\t\t\t<div class=\"elementor-widget-container\">\n\t\t\t<h2 class=\"elementor-heading-title elementor-size-default\">Produkcja w Chinach, europejska gwarancja<\/h2>\t\t<\/div>\n\t\t\t\t<\/div>\n\t\t\t\t<div class=\"elementor-element elementor-element-2b01941 elementor-widget elementor-widget-text-editor\" data-id=\"2b01941\" data-element_type=\"widget\" data-widget_type=\"text-editor.default\">\n\t\t\t\t<div class=\"elementor-widget-container\">\n\t\t\t<style>\/*! elementor - v3.18.0 - 20-12-2023 *\/\n.elementor-widget-text-editor.elementor-drop-cap-view-stacked .elementor-drop-cap{background-color:#69727d;color:#fff}.elementor-widget-text-editor.elementor-drop-cap-view-framed .elementor-drop-cap{color:#69727d;border:3px solid;background-color:transparent}.elementor-widget-text-editor:not(.elementor-drop-cap-view-default) .elementor-drop-cap{margin-top:8px}.elementor-widget-text-editor:not(.elementor-drop-cap-view-default) .elementor-drop-cap-letter{width:1em;height:1em}.elementor-widget-text-editor .elementor-drop-cap{float:left;text-align:center;line-height:1;font-size:50px}.elementor-widget-text-editor .elementor-drop-cap-letter{display:inline-block}<\/style>\t\t\t\t<p>Jeste\u015bmy po\u0142\u0105czeniem zalet produkcji w Chinach oraz europejskiego podmiotu prawnego. Posiadamy <strong>sprawdzony zak\u0142ad produkcyjny<\/strong>. Jako <strong>eksperci od technologii wtryskiwania<\/strong> weryfikujemy za\u0142o\u017cenia, a nast\u0119pnie poprawno\u015b\u0107 wykonanej formy.\u00a0<\/p>\t\t\t\t\t\t<\/div>\n\t\t\t\t<\/div>\n\t\t\t\t\t<\/div>\n\t\t\t\t<\/div>\n\t\t<div class=\"elementor-element elementor-element-9447c97 e-grid e-con-boxed e-con e-parent\" data-id=\"9447c97\" data-element_type=\"container\" data-settings=\"{&quot;container_type&quot;:&quot;grid&quot;,&quot;grid_columns_grid&quot;:{&quot;unit&quot;:&quot;fr&quot;,&quot;size&quot;:&quot;2&quot;,&quot;sizes&quot;:[]},&quot;grid_rows_grid&quot;:{&quot;unit&quot;:&quot;fr&quot;,&quot;size&quot;:&quot;1&quot;,&quot;sizes&quot;:[]},&quot;grid_rows_grid_mobile&quot;:{&quot;unit&quot;:&quot;fr&quot;,&quot;size&quot;:&quot;1&quot;,&quot;sizes&quot;:[]},&quot;content_width&quot;:&quot;boxed&quot;,&quot;grid_outline&quot;:&quot;yes&quot;,&quot;grid_columns_grid_tablet&quot;:{&quot;unit&quot;:&quot;fr&quot;,&quot;size&quot;:&quot;&quot;,&quot;sizes&quot;:[]},&quot;grid_columns_grid_mobile&quot;:{&quot;unit&quot;:&quot;fr&quot;,&quot;size&quot;:1,&quot;sizes&quot;:[]},&quot;grid_rows_grid_tablet&quot;:{&quot;unit&quot;:&quot;fr&quot;,&quot;size&quot;:&quot;&quot;,&quot;sizes&quot;:[]},&quot;grid_auto_flow&quot;:&quot;row&quot;,&quot;grid_auto_flow_tablet&quot;:&quot;row&quot;,&quot;grid_auto_flow_mobile&quot;:&quot;row&quot;}\" data-core-v316-plus=\"true\">\n\t\t\t\t\t<div class=\"e-con-inner\">\n\t\t\t\t<div class=\"elementor-element elementor-element-4672251 elementor-widget elementor-widget-heading\" data-id=\"4672251\" data-element_type=\"widget\" data-widget_type=\"heading.default\">\n\t\t\t\t<div class=\"elementor-widget-container\">\n\t\t\t<h2 class=\"elementor-heading-title elementor-size-default\">Wsp\u00f3\u0142praca z Injection molds to pewno\u015b\u0107 i bezpiecze\u0144stwo<\/h2>\t\t<\/div>\n\t\t\t\t<\/div>\n\t\t\t\t<div class=\"elementor-element elementor-element-f3a06b5 elementor-widget elementor-widget-text-editor\" data-id=\"f3a06b5\" data-element_type=\"widget\" data-widget_type=\"text-editor.default\">\n\t\t\t\t<div class=\"elementor-widget-container\">\n\t\t\t\t\t\t\t<p>Produkcja form wtryskowych w Chinach wi\u0105\u017ce si\u0119 z wieloma\u00a0wyzwaniami, takimi jak\u00a0dob\u00f3r odpowiedniego zak\u0142adu,\u00a0czy\u00a0parametr\u00f3w\u00a0formy wtryskowej. Jeste\u015bmy\u00a0ekspertami\u00a0zar\u00f3wno od produkcji form, jak i przetw\u00f3rstwa tworzyw sztucznych, dzi\u0119ki czemu jeste\u015bmy w stanie dobra\u0107 odpowiednie parametry formy, jak r\u00f3wnie\u017c\u00a0zminimalizowa\u0107 wszelkie ryzyka\u00a0zwi\u0105zane z importem form wtryskowych na w\u0142asn\u0105 r\u0119k\u0119, takich jak\u00a0niepewno\u015b\u0107 co do zak\u0142adu\u00a0produkcyjnego,\u00a0problemy w komunikacji, brak\u00a0europejskiej gwarancji\u00a0na produkty, czy konieczno\u015b\u0107\u00a0samodzielnego dbania o c\u0142a, transport i inne dokumenty.<br \/><br \/>Dzi\u0119ki temu wsp\u00f3\u0142pracuj\u0105c z nami unikniesz:<\/p><ul style=\"font-size: 14px; background-image: none; background-color: #ffffff;\"><li style=\"font-size: 14px; background-image: none; background-color: #ffffff;\">obawy, \u017ce forma do Ciebie\u00a0nie dojedzie, lub nie spe\u0142ni Twoich wymaga\u0144(np. b\u0119dzie mia\u0142a nisk\u0105 \u017cywotno\u015b\u0107, zastosowane b\u0119d\u0105 bud\u017cetowe materia\u0142y, b\u0119dzie mia\u0142a zbyt ma\u0142y rozmiar)<\/li><li style=\"font-size: 14px; background-image: none; background-color: #ffffff;\">op\u00f3\u017anie\u0144\u00a0w produkcji form i prototyp\u00f3w (np. wielokrotnego zg\u0142aszania uwag, kt\u00f3re nie b\u0119d\u0105 uwzgl\u0119dniane)<br \/>Zle\u0107 nam produkcj\u0119 formy wtryskowej w Chinach, a my zajmiemy si\u0119 wszystkim, aby formy spe\u0142ni\u0142y Twoje oczekiwania i by\u0142y zrealizowane terminowo.<\/li><\/ul>\t\t\t\t\t\t<\/div>\n\t\t\t\t<\/div>\n\t\t\t\t\t<\/div>\n\t\t\t\t<\/div>\n\t\t<div class=\"elementor-element elementor-element-9e7cd5c e-grid e-con-boxed e-con e-parent\" data-id=\"9e7cd5c\" data-element_type=\"container\" data-settings=\"{&quot;container_type&quot;:&quot;grid&quot;,&quot;grid_columns_grid&quot;:{&quot;unit&quot;:&quot;fr&quot;,&quot;size&quot;:&quot;2&quot;,&quot;sizes&quot;:[]},&quot;grid_rows_grid&quot;:{&quot;unit&quot;:&quot;fr&quot;,&quot;size&quot;:&quot;1&quot;,&quot;sizes&quot;:[]},&quot;grid_rows_grid_mobile&quot;:{&quot;unit&quot;:&quot;fr&quot;,&quot;size&quot;:&quot;1&quot;,&quot;sizes&quot;:[]},&quot;content_width&quot;:&quot;boxed&quot;,&quot;grid_outline&quot;:&quot;yes&quot;,&quot;grid_columns_grid_tablet&quot;:{&quot;unit&quot;:&quot;fr&quot;,&quot;size&quot;:&quot;&quot;,&quot;sizes&quot;:[]},&quot;grid_columns_grid_mobile&quot;:{&quot;unit&quot;:&quot;fr&quot;,&quot;size&quot;:1,&quot;sizes&quot;:[]},&quot;grid_rows_grid_tablet&quot;:{&quot;unit&quot;:&quot;fr&quot;,&quot;size&quot;:&quot;&quot;,&quot;sizes&quot;:[]},&quot;grid_auto_flow&quot;:&quot;row&quot;,&quot;grid_auto_flow_tablet&quot;:&quot;row&quot;,&quot;grid_auto_flow_mobile&quot;:&quot;row&quot;}\" data-core-v316-plus=\"true\">\n\t\t\t\t\t<div class=\"e-con-inner\">\n\t\t\t\t<div class=\"elementor-element elementor-element-e97783d elementor-widget elementor-widget-heading\" data-id=\"e97783d\" data-element_type=\"widget\" data-widget_type=\"heading.default\">\n\t\t\t\t<div class=\"elementor-widget-container\">\n\t\t\t<h2 class=\"elementor-heading-title elementor-size-default\">Gwarancja i odpowiedzialno\u015b\u0107<\/h2>\t\t<\/div>\n\t\t\t\t<\/div>\n\t\t\t\t<div class=\"elementor-element elementor-element-847b1cc elementor-widget elementor-widget-text-editor\" data-id=\"847b1cc\" data-element_type=\"widget\" data-widget_type=\"text-editor.default\">\n\t\t\t\t<div class=\"elementor-widget-container\">\n\t\t\t\t\t\t\t<p>Bierzemy pe\u0142n\u0105 odpowiedzialno\u015b\u0107 za to, \u017ce forma, kt\u00f3r\u0105 otrzymasz, spe\u0142ni Twoje potrzeby.<\/p><p>Standardowa gwarancja to 3 lata, lub 500 000 przepracowanych cykli produkcyjnych przez form\u0119. W razie potrzeb jeste\u015bmy j\u0105 w stanie wyd\u0142u\u017cy\u0107.<\/p><ul style=\"font-size: 14px; background-image: none; background-color: #ffffff;\">\n<\/ul>\t\t\t\t\t\t<\/div>\n\t\t\t\t<\/div>\n\t\t\t\t\t<\/div>\n\t\t\t\t<\/div>\n\t\t\t\t\t\t\t<\/div>\n\t\t","protected":false},"excerpt":{"rendered":"<p>Produkcja w Chinach, europejska gwarancja Jeste\u015bmy po\u0142\u0105czeniem zalet produkcji w Chinach oraz europejskiego podmiotu prawnego. Posiadamy sprawdzony zak\u0142ad produkcyjny. Jako eksperci od technologii wtryskiwania weryfikujemy za\u0142o\u017cenia, a nast\u0119pnie poprawno\u015b\u0107 wykonanej formy.\u00a0 Wsp\u00f3\u0142praca z Injection molds to pewno\u015b\u0107 i bezpiecze\u0144stwo Produkcja form wtryskowych w Chinach wi\u0105\u017ce si\u0119 z wieloma\u00a0wyzwaniami, takimi jak\u00a0dob\u00f3r odpowiedniego zak\u0142adu,\u00a0czy\u00a0parametr\u00f3w\u00a0formy wtryskowej. Jeste\u015bmy\u00a0ekspertami\u00a0zar\u00f3wno od [&hellip;]<\/p>\n","protected":false},"author":4,"featured_media":0,"parent":0,"menu_order":0,"comment_status":"closed","ping_status":"closed","template":"elementor_header_footer","meta":{"om_disable_all_campaigns":false,"_uf_show_specific_survey":0,"_uf_disable_surveys":false,"footnotes":""},"class_list":["post-279","page","type-page","status-publish","hentry"],"yoast_head":"<!-- This site is optimized with the Yoast SEO plugin v21.8 - https:\/\/yoast.com\/wordpress\/plugins\/seo\/ -->\n<title>Gwarancja - Injection Molds<\/title>\n<meta name=\"robots\" content=\"index, follow, max-snippet:-1, max-image-preview:large, max-video-preview:-1\" \/>\n<link rel=\"canonical\" href=\"https:\/\/injection-molds.eu\/pl\/gwarancja\/\" \/>\n<meta property=\"og:locale\" content=\"pl_PL\" \/>\n<meta property=\"og:type\" content=\"article\" \/>\n<meta property=\"og:title\" content=\"Gwarancja - Injection Molds\" \/>\n<meta property=\"og:description\" content=\"Produkcja w Chinach, europejska gwarancja Jeste\u015bmy po\u0142\u0105czeniem zalet produkcji w Chinach oraz europejskiego podmiotu prawnego. Posiadamy sprawdzony zak\u0142ad produkcyjny. Jako eksperci od technologii wtryskiwania weryfikujemy za\u0142o\u017cenia, a nast\u0119pnie poprawno\u015b\u0107 wykonanej formy.\u00a0 Wsp\u00f3\u0142praca z Injection molds to pewno\u015b\u0107 i bezpiecze\u0144stwo Produkcja form wtryskowych w Chinach wi\u0105\u017ce si\u0119 z wieloma\u00a0wyzwaniami, takimi jak\u00a0dob\u00f3r odpowiedniego zak\u0142adu,\u00a0czy\u00a0parametr\u00f3w\u00a0formy wtryskowej. Jeste\u015bmy\u00a0ekspertami\u00a0zar\u00f3wno od [&hellip;]\" \/>\n<meta property=\"og:url\" content=\"https:\/\/injection-molds.eu\/pl\/gwarancja\/\" \/>\n<meta property=\"og:site_name\" content=\"Injection Molds\" \/>\n<meta property=\"article:modified_time\" content=\"2024-04-10T13:38:17+00:00\" \/>\n<meta name=\"twitter:card\" content=\"summary_large_image\" \/>\n<meta name=\"twitter:label1\" content=\"Szacowany czas czytania\" \/>\n\t<meta name=\"twitter:data1\" content=\"2 minuty\" \/>\n<script type=\"application\/ld+json\" class=\"yoast-schema-graph\">{\"@context\":\"https:\/\/schema.org\",\"@graph\":[{\"@type\":\"WebPage\",\"@id\":\"https:\/\/injection-molds.eu\/pl\/gwarancja\/\",\"url\":\"https:\/\/injection-molds.eu\/pl\/gwarancja\/\",\"name\":\"Gwarancja - Injection Molds\",\"isPartOf\":{\"@id\":\"https:\/\/injection-molds.eu\/pl\/#website\"},\"datePublished\":\"2024-01-12T11:10:33+00:00\",\"dateModified\":\"2024-04-10T13:38:17+00:00\",\"breadcrumb\":{\"@id\":\"https:\/\/injection-molds.eu\/pl\/gwarancja\/#breadcrumb\"},\"inLanguage\":\"pl-PL\",\"potentialAction\":[{\"@type\":\"ReadAction\",\"target\":[\"https:\/\/injection-molds.eu\/pl\/gwarancja\/\"]}]},{\"@type\":\"BreadcrumbList\",\"@id\":\"https:\/\/injection-molds.eu\/pl\/gwarancja\/#breadcrumb\",\"itemListElement\":[{\"@type\":\"ListItem\",\"position\":1,\"name\":\"Strona g\u0142\u00f3wna\",\"item\":\"https:\/\/injection-molds.eu\/pl\/\"},{\"@type\":\"ListItem\",\"position\":2,\"name\":\"Gwarancja\"}]},{\"@type\":\"WebSite\",\"@id\":\"https:\/\/injection-molds.eu\/pl\/#website\",\"url\":\"https:\/\/injection-molds.eu\/pl\/\",\"name\":\"Injection Molds\",\"description\":\"\",\"publisher\":{\"@id\":\"https:\/\/injection-molds.eu\/pl\/#organization\"},\"potentialAction\":[{\"@type\":\"SearchAction\",\"target\":{\"@type\":\"EntryPoint\",\"urlTemplate\":\"https:\/\/injection-molds.eu\/pl\/?s={search_term_string}\"},\"query-input\":\"required name=search_term_string\"}],\"inLanguage\":\"pl-PL\"},{\"@type\":\"Organization\",\"@id\":\"https:\/\/injection-molds.eu\/pl\/#organization\",\"name\":\"Injection Molds\",\"url\":\"https:\/\/injection-molds.eu\/pl\/\",\"logo\":{\"@type\":\"ImageObject\",\"inLanguage\":\"pl-PL\",\"@id\":\"https:\/\/injection-molds.eu\/pl\/#\/schema\/logo\/image\/\",\"url\":\"https:\/\/injection-molds.eu\/wp-content\/uploads\/2024\/01\/Logo.svg\",\"contentUrl\":\"https:\/\/injection-molds.eu\/wp-content\/uploads\/2024\/01\/Logo.svg\",\"width\":174,\"height\":29,\"caption\":\"Injection Molds\"},\"image\":{\"@id\":\"https:\/\/injection-molds.eu\/pl\/#\/schema\/logo\/image\/\"}}]}<\/script>\n<!-- \/ Yoast SEO plugin. -->","yoast_head_json":{"title":"Gwarancja - Injection Molds","robots":{"index":"index","follow":"follow","max-snippet":"max-snippet:-1","max-image-preview":"max-image-preview:large","max-video-preview":"max-video-preview:-1"},"canonical":"https:\/\/injection-molds.eu\/pl\/gwarancja\/","og_locale":"pl_PL","og_type":"article","og_title":"Gwarancja - Injection Molds","og_description":"Produkcja w Chinach, europejska gwarancja Jeste\u015bmy po\u0142\u0105czeniem zalet produkcji w Chinach oraz europejskiego podmiotu prawnego. Posiadamy sprawdzony zak\u0142ad produkcyjny. Jako eksperci od technologii wtryskiwania weryfikujemy za\u0142o\u017cenia, a nast\u0119pnie poprawno\u015b\u0107 wykonanej formy.\u00a0 Wsp\u00f3\u0142praca z Injection molds to pewno\u015b\u0107 i bezpiecze\u0144stwo Produkcja form wtryskowych w Chinach wi\u0105\u017ce si\u0119 z wieloma\u00a0wyzwaniami, takimi jak\u00a0dob\u00f3r odpowiedniego zak\u0142adu,\u00a0czy\u00a0parametr\u00f3w\u00a0formy wtryskowej. Jeste\u015bmy\u00a0ekspertami\u00a0zar\u00f3wno od [&hellip;]","og_url":"https:\/\/injection-molds.eu\/pl\/gwarancja\/","og_site_name":"Injection Molds","article_modified_time":"2024-04-10T13:38:17+00:00","twitter_card":"summary_large_image","twitter_misc":{"Szacowany czas czytania":"2 minuty"},"schema":{"@context":"https:\/\/schema.org","@graph":[{"@type":"WebPage","@id":"https:\/\/injection-molds.eu\/pl\/gwarancja\/","url":"https:\/\/injection-molds.eu\/pl\/gwarancja\/","name":"Gwarancja - Injection Molds","isPartOf":{"@id":"https:\/\/injection-molds.eu\/pl\/#website"},"datePublished":"2024-01-12T11:10:33+00:00","dateModified":"2024-04-10T13:38:17+00:00","breadcrumb":{"@id":"https:\/\/injection-molds.eu\/pl\/gwarancja\/#breadcrumb"},"inLanguage":"pl-PL","potentialAction":[{"@type":"ReadAction","target":["https:\/\/injection-molds.eu\/pl\/gwarancja\/"]}]},{"@type":"BreadcrumbList","@id":"https:\/\/injection-molds.eu\/pl\/gwarancja\/#breadcrumb","itemListElement":[{"@type":"ListItem","position":1,"name":"Strona g\u0142\u00f3wna","item":"https:\/\/injection-molds.eu\/pl\/"},{"@type":"ListItem","position":2,"name":"Gwarancja"}]},{"@type":"WebSite","@id":"https:\/\/injection-molds.eu\/pl\/#website","url":"https:\/\/injection-molds.eu\/pl\/","name":"Injection Molds","description":"","publisher":{"@id":"https:\/\/injection-molds.eu\/pl\/#organization"},"potentialAction":[{"@type":"SearchAction","target":{"@type":"EntryPoint","urlTemplate":"https:\/\/injection-molds.eu\/pl\/?s={search_term_string}"},"query-input":"required name=search_term_string"}],"inLanguage":"pl-PL"},{"@type":"Organization","@id":"https:\/\/injection-molds.eu\/pl\/#organization","name":"Injection Molds","url":"https:\/\/injection-molds.eu\/pl\/","logo":{"@type":"ImageObject","inLanguage":"pl-PL","@id":"https:\/\/injection-molds.eu\/pl\/#\/schema\/logo\/image\/","url":"https:\/\/injection-molds.eu\/wp-content\/uploads\/2024\/01\/Logo.svg","contentUrl":"https:\/\/injection-molds.eu\/wp-content\/uploads\/2024\/01\/Logo.svg","width":174,"height":29,"caption":"Injection Molds"},"image":{"@id":"https:\/\/injection-molds.eu\/pl\/#\/schema\/logo\/image\/"}}]}},"_links":{"self":[{"href":"https:\/\/injection-molds.eu\/pl\/wp-json\/wp\/v2\/pages\/279","targetHints":{"allow":["GET"]}}],"collection":[{"href":"https:\/\/injection-molds.eu\/pl\/wp-json\/wp\/v2\/pages"}],"about":[{"href":"https:\/\/injection-molds.eu\/pl\/wp-json\/wp\/v2\/types\/page"}],"author":[{"embeddable":true,"href":"https:\/\/injection-molds.eu\/pl\/wp-json\/wp\/v2\/users\/4"}],"replies":[{"embeddable":true,"href":"https:\/\/injection-molds.eu\/pl\/wp-json\/wp\/v2\/comments?post=279"}],"version-history":[{"count":13,"href":"https:\/\/injection-molds.eu\/pl\/wp-json\/wp\/v2\/pages\/279\/revisions"}],"predecessor-version":[{"id":928,"href":"https:\/\/injection-molds.eu\/pl\/wp-json\/wp\/v2\/pages\/279\/revisions\/928"}],"wp:attachment":[{"href":"https:\/\/injection-molds.eu\/pl\/wp-json\/wp\/v2\/media?parent=279"}],"curies":[{"name":"wp","href":"https:\/\/api.w.org\/{rel}","templated":true}]}}