{"id":1080,"date":"2024-01-12T11:10:33","date_gmt":"2024-01-12T11:10:33","guid":{"rendered":"https:\/\/injection-molds.eu\/zaruka\/"},"modified":"2024-04-11T10:42:33","modified_gmt":"2024-04-11T10:42:33","slug":"zaruka","status":"publish","type":"page","link":"https:\/\/injection-molds.eu\/sk\/zaruka\/","title":{"rendered":"Z\u00e1ruka"},"content":{"rendered":"\t\t<div data-elementor-type=\"wp-page\" data-elementor-id=\"1080\" class=\"elementor elementor-1080 elementor-279\" data-elementor-post-type=\"page\">\n\t\t\t\t\t\t\t<div class=\"elementor-element elementor-element-7bb91e1 e-flex e-con-boxed e-con e-parent\" data-id=\"7bb91e1\" data-element_type=\"container\" data-settings=\"{&quot;background_background&quot;:&quot;video&quot;,&quot;background_video_link&quot;:&quot;https:\\\/\\\/injection-molds.eu\\\/wp-content\\\/uploads\\\/2024\\\/01\\\/8eeb-4652-b278-d68e95d47b78.mp4&quot;,&quot;container_type&quot;:&quot;flex&quot;,&quot;content_width&quot;:&quot;boxed&quot;}\" data-core-v316-plus=\"true\">\n\t\t\t\t\t<div class=\"e-con-inner\">\n\t\t<div class=\"elementor-background-video-container elementor-hidden-phone\">\n\t\t\t\t\t\t\t<video class=\"elementor-background-video-hosted elementor-html5-video\" autoplay muted playsinline loop><\/video>\n\t\t\t\t\t<\/div><div class=\"elementor-element elementor-element-43cee59 e-con-full e-flex e-con e-child\" data-id=\"43cee59\" data-element_type=\"container\" data-settings=\"{&quot;content_width&quot;:&quot;full&quot;,&quot;container_type&quot;:&quot;flex&quot;}\">\n\t\t\t\t<div class=\"elementor-element elementor-element-0cee6a6 elementor-widget elementor-widget-breadcrumbs\" data-id=\"0cee6a6\" data-element_type=\"widget\" data-widget_type=\"breadcrumbs.default\">\n\t\t\t\t<div class=\"elementor-widget-container\">\n\t\t\t<link rel=\"stylesheet\" href=\"https:\/\/injection-molds.eu\/wp-content\/plugins\/elementor-pro\/assets\/css\/widget-theme-elements.min.css\"><p id=\"breadcrumbs\"><span><span><a href=\"https:\/\/injection-molds.eu\/sk\/\">Strona g\u0142\u00f3wna<\/a><\/span><\/span><\/p>\t\t<\/div>\n\t\t\t\t<\/div>\n\t\t\t\t<div class=\"elementor-element elementor-element-5fee9c2 elementor-widget elementor-widget-heading\" data-id=\"5fee9c2\" data-element_type=\"widget\" data-widget_type=\"heading.default\">\n\t\t\t\t<div class=\"elementor-widget-container\">\n\t\t\t<style>\/*! elementor - v3.18.0 - 20-12-2023 *\/\n.elementor-heading-title{padding:0;margin:0;line-height:1}.elementor-widget-heading .elementor-heading-title[class*=elementor-size-]>a{color:inherit;font-size:inherit;line-height:inherit}.elementor-widget-heading .elementor-heading-title.elementor-size-small{font-size:15px}.elementor-widget-heading .elementor-heading-title.elementor-size-medium{font-size:19px}.elementor-widget-heading .elementor-heading-title.elementor-size-large{font-size:29px}.elementor-widget-heading .elementor-heading-title.elementor-size-xl{font-size:39px}.elementor-widget-heading .elementor-heading-title.elementor-size-xxl{font-size:59px}<\/style><h1 class=\"elementor-heading-title elementor-size-default\">Z\u00e1ruka<\/h1>\t\t<\/div>\n\t\t\t\t<\/div>\n\t\t\t\t<\/div>\n\t\t<div class=\"elementor-element elementor-element-0b14282 e-con-full e-flex e-con e-child\" data-id=\"0b14282\" data-element_type=\"container\" data-settings=\"{&quot;content_width&quot;:&quot;full&quot;,&quot;container_type&quot;:&quot;flex&quot;}\">\n\t\t\t\t<\/div>\n\t\t\t\t\t<\/div>\n\t\t\t\t<\/div>\n\t\t<div class=\"elementor-element elementor-element-243c545 e-grid e-con-boxed e-con e-parent\" data-id=\"243c545\" data-element_type=\"container\" data-settings=\"{&quot;container_type&quot;:&quot;grid&quot;,&quot;grid_columns_grid&quot;:{&quot;unit&quot;:&quot;fr&quot;,&quot;size&quot;:&quot;2&quot;,&quot;sizes&quot;:[]},&quot;grid_rows_grid&quot;:{&quot;unit&quot;:&quot;fr&quot;,&quot;size&quot;:&quot;1&quot;,&quot;sizes&quot;:[]},&quot;grid_rows_grid_mobile&quot;:{&quot;unit&quot;:&quot;fr&quot;,&quot;size&quot;:&quot;1&quot;,&quot;sizes&quot;:[]},&quot;content_width&quot;:&quot;boxed&quot;,&quot;grid_outline&quot;:&quot;yes&quot;,&quot;grid_columns_grid_tablet&quot;:{&quot;unit&quot;:&quot;fr&quot;,&quot;size&quot;:&quot;&quot;,&quot;sizes&quot;:[]},&quot;grid_columns_grid_mobile&quot;:{&quot;unit&quot;:&quot;fr&quot;,&quot;size&quot;:1,&quot;sizes&quot;:[]},&quot;grid_rows_grid_tablet&quot;:{&quot;unit&quot;:&quot;fr&quot;,&quot;size&quot;:&quot;&quot;,&quot;sizes&quot;:[]},&quot;grid_auto_flow&quot;:&quot;row&quot;,&quot;grid_auto_flow_tablet&quot;:&quot;row&quot;,&quot;grid_auto_flow_mobile&quot;:&quot;row&quot;}\" data-core-v316-plus=\"true\">\n\t\t\t\t\t<div class=\"e-con-inner\">\n\t\t\t\t<div class=\"elementor-element elementor-element-5c60940 elementor-widget elementor-widget-heading\" data-id=\"5c60940\" data-element_type=\"widget\" data-widget_type=\"heading.default\">\n\t\t\t\t<div class=\"elementor-widget-container\">\n\t\t\t<h2 class=\"elementor-heading-title elementor-size-default\">V\u00fdroba v \u010c\u00edne, eur\u00f3pska z\u00e1ruka<\/h2>\t\t<\/div>\n\t\t\t\t<\/div>\n\t\t\t\t<div class=\"elementor-element elementor-element-2b01941 elementor-widget elementor-widget-text-editor\" data-id=\"2b01941\" data-element_type=\"widget\" data-widget_type=\"text-editor.default\">\n\t\t\t\t<div class=\"elementor-widget-container\">\n\t\t\t<style>\/*! elementor - v3.18.0 - 20-12-2023 *\/\n.elementor-widget-text-editor.elementor-drop-cap-view-stacked .elementor-drop-cap{background-color:#69727d;color:#fff}.elementor-widget-text-editor.elementor-drop-cap-view-framed .elementor-drop-cap{color:#69727d;border:3px solid;background-color:transparent}.elementor-widget-text-editor:not(.elementor-drop-cap-view-default) .elementor-drop-cap{margin-top:8px}.elementor-widget-text-editor:not(.elementor-drop-cap-view-default) .elementor-drop-cap-letter{width:1em;height:1em}.elementor-widget-text-editor .elementor-drop-cap{float:left;text-align:center;line-height:1;font-size:50px}.elementor-widget-text-editor .elementor-drop-cap-letter{display:inline-block}<\/style>\t\t\t\t<p>Sme kombin\u00e1ciou v\u00fdhod v\u00fdroby v \u010c\u00edne a eur\u00f3pskej pr\u00e1vnickej osoby. M\u00e1me <strong>osved\u010den\u00e9 v\u00fdrobn\u00e9 zariadenie<\/strong>. Ako <strong>odborn\u00edci na technol\u00f3giu vstrekovania<\/strong> overujeme predpoklady a n\u00e1sledne spr\u00e1vnos\u0165 vyrobenej formy.  <\/p>\n\t\t\t\t\t\t<\/div>\n\t\t\t\t<\/div>\n\t\t\t\t\t<\/div>\n\t\t\t\t<\/div>\n\t\t<div class=\"elementor-element elementor-element-9447c97 e-grid e-con-boxed e-con e-parent\" data-id=\"9447c97\" data-element_type=\"container\" data-settings=\"{&quot;container_type&quot;:&quot;grid&quot;,&quot;grid_columns_grid&quot;:{&quot;unit&quot;:&quot;fr&quot;,&quot;size&quot;:&quot;2&quot;,&quot;sizes&quot;:[]},&quot;grid_rows_grid&quot;:{&quot;unit&quot;:&quot;fr&quot;,&quot;size&quot;:&quot;1&quot;,&quot;sizes&quot;:[]},&quot;grid_rows_grid_mobile&quot;:{&quot;unit&quot;:&quot;fr&quot;,&quot;size&quot;:&quot;1&quot;,&quot;sizes&quot;:[]},&quot;content_width&quot;:&quot;boxed&quot;,&quot;grid_outline&quot;:&quot;yes&quot;,&quot;grid_columns_grid_tablet&quot;:{&quot;unit&quot;:&quot;fr&quot;,&quot;size&quot;:&quot;&quot;,&quot;sizes&quot;:[]},&quot;grid_columns_grid_mobile&quot;:{&quot;unit&quot;:&quot;fr&quot;,&quot;size&quot;:1,&quot;sizes&quot;:[]},&quot;grid_rows_grid_tablet&quot;:{&quot;unit&quot;:&quot;fr&quot;,&quot;size&quot;:&quot;&quot;,&quot;sizes&quot;:[]},&quot;grid_auto_flow&quot;:&quot;row&quot;,&quot;grid_auto_flow_tablet&quot;:&quot;row&quot;,&quot;grid_auto_flow_mobile&quot;:&quot;row&quot;}\" data-core-v316-plus=\"true\">\n\t\t\t\t\t<div class=\"e-con-inner\">\n\t\t\t\t<div class=\"elementor-element elementor-element-4672251 elementor-widget elementor-widget-heading\" data-id=\"4672251\" data-element_type=\"widget\" data-widget_type=\"heading.default\">\n\t\t\t\t<div class=\"elementor-widget-container\">\n\t\t\t<h2 class=\"elementor-heading-title elementor-size-default\">Pr\u00e1ca so vstrekovac\u00edmi formami znamen\u00e1 bezpe\u010dnos\u0165 a istotu<\/h2>\t\t<\/div>\n\t\t\t\t<\/div>\n\t\t\t\t<div class=\"elementor-element elementor-element-f3a06b5 elementor-widget elementor-widget-text-editor\" data-id=\"f3a06b5\" data-element_type=\"widget\" data-widget_type=\"text-editor.default\">\n\t\t\t\t<div class=\"elementor-widget-container\">\n\t\t\t\t\t\t\t<p>V\u00fdroba vstrekovac\u00edch foriem v \u010c\u00edne je spojen\u00e1 s mnoh\u00fdmi v\u00fdzvami, ako je napr\u00edklad v\u00fdber spr\u00e1vneho z\u00e1vodu a parametrov foriem. Sme odborn\u00edci na v\u00fdrobu foriem aj na spracovanie plastov, tak\u017ee dok\u00e1\u017eeme vybra\u0165 spr\u00e1vne parametre foriem a minimalizova\u0165 v\u0161etky rizik\u00e1 spojen\u00e9 s dovozom foriem na vlastn\u00fa p\u00e4s\u0165, ako je neistota oh\u013eadom v\u00fdrobn\u00e9ho z\u00e1vodu, probl\u00e9my s komunik\u00e1ciou, ch\u00fdbaj\u00faca eur\u00f3pska z\u00e1ruka na v\u00fdrobok alebo nutnos\u0165 postara\u0165 sa o coln\u00e9, prepravn\u00e9 a in\u00e9 dokumenty.<\/p>\n<p>Spolupr\u00e1cou s nami sa tak vyhnete:<\/p>\n<ul style=\"font-size: 14px; background-image: none; background-color: #ffffff;\">\n<li style=\"font-size: 14px; background-image: none; background-color: #ffffff;\">obava, \u017ee forma sa k v\u00e1m nedostane alebo nebude sp\u013a\u0148a\u0165 va\u0161e po\u017eiadavky (napr. bude ma\u0165 n\u00edzku \u017eivotnos\u0165, bude pou\u017e\u00edva\u0165 lacn\u00e9 materi\u00e1ly, bude pr\u00edli\u0161 mal\u00e1)<\/li>\n<li style=\"font-size: 14px; background-image: none; background-color: #ffffff;\">oneskorenie v\u00fdroby foriem a prototypov (napr. viacero pripomienok, ktor\u00e9 nebud\u00fa zoh\u013eadnen\u00e9)<br \/>Nechajte si od n\u00e1s vyrobi\u0165 vstrekovacie formy v \u010c\u00edne a my sa postar\u00e1me o v\u0161etko, aby formy sp\u013a\u0148ali va\u0161e o\u010dak\u00e1vania a boli dokon\u010den\u00e9 na\u010das.<\/li>\n<\/ul>\n\t\t\t\t\t\t<\/div>\n\t\t\t\t<\/div>\n\t\t\t\t\t<\/div>\n\t\t\t\t<\/div>\n\t\t<div class=\"elementor-element elementor-element-9e7cd5c e-grid e-con-boxed e-con e-parent\" data-id=\"9e7cd5c\" data-element_type=\"container\" data-settings=\"{&quot;container_type&quot;:&quot;grid&quot;,&quot;grid_columns_grid&quot;:{&quot;unit&quot;:&quot;fr&quot;,&quot;size&quot;:&quot;2&quot;,&quot;sizes&quot;:[]},&quot;grid_rows_grid&quot;:{&quot;unit&quot;:&quot;fr&quot;,&quot;size&quot;:&quot;1&quot;,&quot;sizes&quot;:[]},&quot;grid_rows_grid_mobile&quot;:{&quot;unit&quot;:&quot;fr&quot;,&quot;size&quot;:&quot;1&quot;,&quot;sizes&quot;:[]},&quot;content_width&quot;:&quot;boxed&quot;,&quot;grid_outline&quot;:&quot;yes&quot;,&quot;grid_columns_grid_tablet&quot;:{&quot;unit&quot;:&quot;fr&quot;,&quot;size&quot;:&quot;&quot;,&quot;sizes&quot;:[]},&quot;grid_columns_grid_mobile&quot;:{&quot;unit&quot;:&quot;fr&quot;,&quot;size&quot;:1,&quot;sizes&quot;:[]},&quot;grid_rows_grid_tablet&quot;:{&quot;unit&quot;:&quot;fr&quot;,&quot;size&quot;:&quot;&quot;,&quot;sizes&quot;:[]},&quot;grid_auto_flow&quot;:&quot;row&quot;,&quot;grid_auto_flow_tablet&quot;:&quot;row&quot;,&quot;grid_auto_flow_mobile&quot;:&quot;row&quot;}\" data-core-v316-plus=\"true\">\n\t\t\t\t\t<div class=\"e-con-inner\">\n\t\t\t\t<div class=\"elementor-element elementor-element-e97783d elementor-widget elementor-widget-heading\" data-id=\"e97783d\" data-element_type=\"widget\" data-widget_type=\"heading.default\">\n\t\t\t\t<div class=\"elementor-widget-container\">\n\t\t\t<h2 class=\"elementor-heading-title elementor-size-default\">Z\u00e1ruka a zodpovednos\u0165<\/h2>\t\t<\/div>\n\t\t\t\t<\/div>\n\t\t\t\t<div class=\"elementor-element elementor-element-847b1cc elementor-widget elementor-widget-text-editor\" data-id=\"847b1cc\" data-element_type=\"widget\" data-widget_type=\"text-editor.default\">\n\t\t\t\t<div class=\"elementor-widget-container\">\n\t\t\t\t\t\t\t<p>Preber\u00e1me pln\u00fa zodpovednos\u0165 za to, aby formul\u00e1r, ktor\u00fd dostanete, sp\u013a\u0148al va\u0161e potreby.<\/p><p>\u0160tandardn\u00e1 z\u00e1ruka je tri roky alebo 500 000 v\u00fdrobn\u00fdch cyklov vo forme. V pr\u00edpade potreby ju m\u00f4\u017eeme pred\u013a\u017ei\u0165.<\/p><ul style=\"font-size: 14px; background-image: none; background-color: #ffffff;\">\n<\/ul>\t\t\t\t\t\t<\/div>\n\t\t\t\t<\/div>\n\t\t\t\t\t<\/div>\n\t\t\t\t<\/div>\n\t\t\t\t\t\t\t<\/div>\n\t\t","protected":false},"excerpt":{"rendered":"<p>V\u00fdroba v \u010c\u00edne, eur\u00f3pska z\u00e1ruka Sme kombin\u00e1ciou v\u00fdhod v\u00fdroby v \u010c\u00edne a eur\u00f3pskej pr\u00e1vnickej osoby. M\u00e1me osved\u010den\u00e9 v\u00fdrobn\u00e9 zariadenie. Ako odborn\u00edci na technol\u00f3giu vstrekovania overujeme predpoklady a n\u00e1sledne spr\u00e1vnos\u0165 vyrobenej formy. Pr\u00e1ca so vstrekovac\u00edmi formami znamen\u00e1 bezpe\u010dnos\u0165 a istotu V\u00fdroba vstrekovac\u00edch foriem v \u010c\u00edne je spojen\u00e1 s mnoh\u00fdmi v\u00fdzvami, ako je napr\u00edklad v\u00fdber spr\u00e1vneho z\u00e1vodu [&hellip;]<\/p>\n","protected":false},"author":4,"featured_media":0,"parent":0,"menu_order":0,"comment_status":"closed","ping_status":"closed","template":"elementor_header_footer","meta":{"om_disable_all_campaigns":false,"_uf_show_specific_survey":0,"_uf_disable_surveys":false,"footnotes":""},"class_list":["post-1080","page","type-page","status-publish","hentry"],"yoast_head":"<!-- This site is optimized with the Yoast SEO plugin v21.8 - https:\/\/yoast.com\/wordpress\/plugins\/seo\/ -->\n<title>Z\u00e1ruka - Injection Molds<\/title>\n<meta name=\"robots\" content=\"index, follow, max-snippet:-1, max-image-preview:large, max-video-preview:-1\" \/>\n<link rel=\"canonical\" href=\"https:\/\/injection-molds.eu\/sk\/zaruka\/\" \/>\n<meta property=\"og:locale\" content=\"sk_SK\" \/>\n<meta property=\"og:type\" content=\"article\" \/>\n<meta property=\"og:title\" content=\"Z\u00e1ruka - Injection Molds\" \/>\n<meta property=\"og:description\" content=\"V\u00fdroba v \u010c\u00edne, eur\u00f3pska z\u00e1ruka Sme kombin\u00e1ciou v\u00fdhod v\u00fdroby v \u010c\u00edne a eur\u00f3pskej pr\u00e1vnickej osoby. M\u00e1me osved\u010den\u00e9 v\u00fdrobn\u00e9 zariadenie. Ako odborn\u00edci na technol\u00f3giu vstrekovania overujeme predpoklady a n\u00e1sledne spr\u00e1vnos\u0165 vyrobenej formy. Pr\u00e1ca so vstrekovac\u00edmi formami znamen\u00e1 bezpe\u010dnos\u0165 a istotu V\u00fdroba vstrekovac\u00edch foriem v \u010c\u00edne je spojen\u00e1 s mnoh\u00fdmi v\u00fdzvami, ako je napr\u00edklad v\u00fdber spr\u00e1vneho z\u00e1vodu [&hellip;]\" \/>\n<meta property=\"og:url\" content=\"https:\/\/injection-molds.eu\/sk\/zaruka\/\" \/>\n<meta property=\"og:site_name\" content=\"Injection Molds\" \/>\n<meta property=\"article:modified_time\" content=\"2024-04-11T10:42:33+00:00\" \/>\n<meta name=\"twitter:card\" content=\"summary_large_image\" \/>\n<meta name=\"twitter:label1\" content=\"Predpokladan\u00fd \u010das \u010d\u00edtania\" \/>\n\t<meta name=\"twitter:data1\" content=\"1 min\u00fata\" \/>\n<script type=\"application\/ld+json\" class=\"yoast-schema-graph\">{\"@context\":\"https:\/\/schema.org\",\"@graph\":[{\"@type\":\"WebPage\",\"@id\":\"https:\/\/injection-molds.eu\/sk\/zaruka\/\",\"url\":\"https:\/\/injection-molds.eu\/sk\/zaruka\/\",\"name\":\"Z\u00e1ruka - Injection Molds\",\"isPartOf\":{\"@id\":\"https:\/\/injection-molds.eu\/sk\/#website\"},\"datePublished\":\"2024-01-12T11:10:33+00:00\",\"dateModified\":\"2024-04-11T10:42:33+00:00\",\"breadcrumb\":{\"@id\":\"https:\/\/injection-molds.eu\/sk\/zaruka\/#breadcrumb\"},\"inLanguage\":\"sk-SK\",\"potentialAction\":[{\"@type\":\"ReadAction\",\"target\":[\"https:\/\/injection-molds.eu\/sk\/zaruka\/\"]}]},{\"@type\":\"BreadcrumbList\",\"@id\":\"https:\/\/injection-molds.eu\/sk\/zaruka\/#breadcrumb\",\"itemListElement\":[{\"@type\":\"ListItem\",\"position\":1,\"name\":\"Strona g\u0142\u00f3wna\",\"item\":\"https:\/\/injection-molds.eu\/sk\/\"},{\"@type\":\"ListItem\",\"position\":2,\"name\":\"Z\u00e1ruka\"}]},{\"@type\":\"WebSite\",\"@id\":\"https:\/\/injection-molds.eu\/sk\/#website\",\"url\":\"https:\/\/injection-molds.eu\/sk\/\",\"name\":\"Injection Molds\",\"description\":\"\",\"publisher\":{\"@id\":\"https:\/\/injection-molds.eu\/sk\/#organization\"},\"potentialAction\":[{\"@type\":\"SearchAction\",\"target\":{\"@type\":\"EntryPoint\",\"urlTemplate\":\"https:\/\/injection-molds.eu\/sk\/?s={search_term_string}\"},\"query-input\":\"required name=search_term_string\"}],\"inLanguage\":\"sk-SK\"},{\"@type\":\"Organization\",\"@id\":\"https:\/\/injection-molds.eu\/sk\/#organization\",\"name\":\"Injection Molds\",\"url\":\"https:\/\/injection-molds.eu\/sk\/\",\"logo\":{\"@type\":\"ImageObject\",\"inLanguage\":\"sk-SK\",\"@id\":\"https:\/\/injection-molds.eu\/sk\/#\/schema\/logo\/image\/\",\"url\":\"https:\/\/injection-molds.eu\/wp-content\/uploads\/2024\/01\/Logo.svg\",\"contentUrl\":\"https:\/\/injection-molds.eu\/wp-content\/uploads\/2024\/01\/Logo.svg\",\"width\":174,\"height\":29,\"caption\":\"Injection Molds\"},\"image\":{\"@id\":\"https:\/\/injection-molds.eu\/sk\/#\/schema\/logo\/image\/\"}}]}<\/script>\n<!-- \/ Yoast SEO plugin. -->","yoast_head_json":{"title":"Z\u00e1ruka - Injection Molds","robots":{"index":"index","follow":"follow","max-snippet":"max-snippet:-1","max-image-preview":"max-image-preview:large","max-video-preview":"max-video-preview:-1"},"canonical":"https:\/\/injection-molds.eu\/sk\/zaruka\/","og_locale":"sk_SK","og_type":"article","og_title":"Z\u00e1ruka - Injection Molds","og_description":"V\u00fdroba v \u010c\u00edne, eur\u00f3pska z\u00e1ruka Sme kombin\u00e1ciou v\u00fdhod v\u00fdroby v \u010c\u00edne a eur\u00f3pskej pr\u00e1vnickej osoby. M\u00e1me osved\u010den\u00e9 v\u00fdrobn\u00e9 zariadenie. Ako odborn\u00edci na technol\u00f3giu vstrekovania overujeme predpoklady a n\u00e1sledne spr\u00e1vnos\u0165 vyrobenej formy. Pr\u00e1ca so vstrekovac\u00edmi formami znamen\u00e1 bezpe\u010dnos\u0165 a istotu V\u00fdroba vstrekovac\u00edch foriem v \u010c\u00edne je spojen\u00e1 s mnoh\u00fdmi v\u00fdzvami, ako je napr\u00edklad v\u00fdber spr\u00e1vneho z\u00e1vodu [&hellip;]","og_url":"https:\/\/injection-molds.eu\/sk\/zaruka\/","og_site_name":"Injection Molds","article_modified_time":"2024-04-11T10:42:33+00:00","twitter_card":"summary_large_image","twitter_misc":{"Predpokladan\u00fd \u010das \u010d\u00edtania":"1 min\u00fata"},"schema":{"@context":"https:\/\/schema.org","@graph":[{"@type":"WebPage","@id":"https:\/\/injection-molds.eu\/sk\/zaruka\/","url":"https:\/\/injection-molds.eu\/sk\/zaruka\/","name":"Z\u00e1ruka - Injection Molds","isPartOf":{"@id":"https:\/\/injection-molds.eu\/sk\/#website"},"datePublished":"2024-01-12T11:10:33+00:00","dateModified":"2024-04-11T10:42:33+00:00","breadcrumb":{"@id":"https:\/\/injection-molds.eu\/sk\/zaruka\/#breadcrumb"},"inLanguage":"sk-SK","potentialAction":[{"@type":"ReadAction","target":["https:\/\/injection-molds.eu\/sk\/zaruka\/"]}]},{"@type":"BreadcrumbList","@id":"https:\/\/injection-molds.eu\/sk\/zaruka\/#breadcrumb","itemListElement":[{"@type":"ListItem","position":1,"name":"Strona g\u0142\u00f3wna","item":"https:\/\/injection-molds.eu\/sk\/"},{"@type":"ListItem","position":2,"name":"Z\u00e1ruka"}]},{"@type":"WebSite","@id":"https:\/\/injection-molds.eu\/sk\/#website","url":"https:\/\/injection-molds.eu\/sk\/","name":"Injection Molds","description":"","publisher":{"@id":"https:\/\/injection-molds.eu\/sk\/#organization"},"potentialAction":[{"@type":"SearchAction","target":{"@type":"EntryPoint","urlTemplate":"https:\/\/injection-molds.eu\/sk\/?s={search_term_string}"},"query-input":"required name=search_term_string"}],"inLanguage":"sk-SK"},{"@type":"Organization","@id":"https:\/\/injection-molds.eu\/sk\/#organization","name":"Injection Molds","url":"https:\/\/injection-molds.eu\/sk\/","logo":{"@type":"ImageObject","inLanguage":"sk-SK","@id":"https:\/\/injection-molds.eu\/sk\/#\/schema\/logo\/image\/","url":"https:\/\/injection-molds.eu\/wp-content\/uploads\/2024\/01\/Logo.svg","contentUrl":"https:\/\/injection-molds.eu\/wp-content\/uploads\/2024\/01\/Logo.svg","width":174,"height":29,"caption":"Injection Molds"},"image":{"@id":"https:\/\/injection-molds.eu\/sk\/#\/schema\/logo\/image\/"}}]}},"_links":{"self":[{"href":"https:\/\/injection-molds.eu\/sk\/wp-json\/wp\/v2\/pages\/1080","targetHints":{"allow":["GET"]}}],"collection":[{"href":"https:\/\/injection-molds.eu\/sk\/wp-json\/wp\/v2\/pages"}],"about":[{"href":"https:\/\/injection-molds.eu\/sk\/wp-json\/wp\/v2\/types\/page"}],"author":[{"embeddable":true,"href":"https:\/\/injection-molds.eu\/sk\/wp-json\/wp\/v2\/users\/4"}],"replies":[{"embeddable":true,"href":"https:\/\/injection-molds.eu\/sk\/wp-json\/wp\/v2\/comments?post=1080"}],"version-history":[{"count":1,"href":"https:\/\/injection-molds.eu\/sk\/wp-json\/wp\/v2\/pages\/1080\/revisions"}],"predecessor-version":[{"id":1082,"href":"https:\/\/injection-molds.eu\/sk\/wp-json\/wp\/v2\/pages\/1080\/revisions\/1082"}],"wp:attachment":[{"href":"https:\/\/injection-molds.eu\/sk\/wp-json\/wp\/v2\/media?parent=1080"}],"curies":[{"name":"wp","href":"https:\/\/api.w.org\/{rel}","templated":true}]}}