{"id":1088,"date":"2024-01-12T11:10:33","date_gmt":"2024-01-12T11:10:33","guid":{"rendered":"https:\/\/injection-molds.eu\/garanti\/"},"modified":"2024-04-11T10:42:36","modified_gmt":"2024-04-11T10:42:36","slug":"garanti","status":"publish","type":"page","link":"https:\/\/injection-molds.eu\/sv\/garanti\/","title":{"rendered":"Garanti"},"content":{"rendered":"\t\t<div data-elementor-type=\"wp-page\" data-elementor-id=\"1088\" class=\"elementor elementor-1088 elementor-279\" data-elementor-post-type=\"page\">\n\t\t\t\t\t\t\t<div class=\"elementor-element elementor-element-7bb91e1 e-flex e-con-boxed e-con e-parent\" data-id=\"7bb91e1\" data-element_type=\"container\" data-settings=\"{&quot;background_background&quot;:&quot;video&quot;,&quot;background_video_link&quot;:&quot;https:\\\/\\\/injection-molds.eu\\\/wp-content\\\/uploads\\\/2024\\\/01\\\/8eeb-4652-b278-d68e95d47b78.mp4&quot;,&quot;container_type&quot;:&quot;flex&quot;,&quot;content_width&quot;:&quot;boxed&quot;}\" data-core-v316-plus=\"true\">\n\t\t\t\t\t<div class=\"e-con-inner\">\n\t\t<div class=\"elementor-background-video-container elementor-hidden-phone\">\n\t\t\t\t\t\t\t<video class=\"elementor-background-video-hosted elementor-html5-video\" autoplay muted playsinline loop><\/video>\n\t\t\t\t\t<\/div><div class=\"elementor-element elementor-element-43cee59 e-con-full e-flex e-con e-child\" data-id=\"43cee59\" data-element_type=\"container\" data-settings=\"{&quot;content_width&quot;:&quot;full&quot;,&quot;container_type&quot;:&quot;flex&quot;}\">\n\t\t\t\t<div class=\"elementor-element elementor-element-0cee6a6 elementor-widget elementor-widget-breadcrumbs\" data-id=\"0cee6a6\" data-element_type=\"widget\" data-widget_type=\"breadcrumbs.default\">\n\t\t\t\t<div class=\"elementor-widget-container\">\n\t\t\t<link rel=\"stylesheet\" href=\"https:\/\/injection-molds.eu\/wp-content\/plugins\/elementor-pro\/assets\/css\/widget-theme-elements.min.css\"><p id=\"breadcrumbs\"><span><span><a href=\"https:\/\/injection-molds.eu\/sv\/\">Strona g\u0142\u00f3wna<\/a><\/span><\/span><\/p>\t\t<\/div>\n\t\t\t\t<\/div>\n\t\t\t\t<div class=\"elementor-element elementor-element-5fee9c2 elementor-widget elementor-widget-heading\" data-id=\"5fee9c2\" data-element_type=\"widget\" data-widget_type=\"heading.default\">\n\t\t\t\t<div class=\"elementor-widget-container\">\n\t\t\t<style>\/*! elementor - v3.18.0 - 20-12-2023 *\/\n.elementor-heading-title{padding:0;margin:0;line-height:1}.elementor-widget-heading .elementor-heading-title[class*=elementor-size-]>a{color:inherit;font-size:inherit;line-height:inherit}.elementor-widget-heading .elementor-heading-title.elementor-size-small{font-size:15px}.elementor-widget-heading .elementor-heading-title.elementor-size-medium{font-size:19px}.elementor-widget-heading .elementor-heading-title.elementor-size-large{font-size:29px}.elementor-widget-heading .elementor-heading-title.elementor-size-xl{font-size:39px}.elementor-widget-heading .elementor-heading-title.elementor-size-xxl{font-size:59px}<\/style><h1 class=\"elementor-heading-title elementor-size-default\">Garanti<\/h1>\t\t<\/div>\n\t\t\t\t<\/div>\n\t\t\t\t<\/div>\n\t\t<div class=\"elementor-element elementor-element-0b14282 e-con-full e-flex e-con e-child\" data-id=\"0b14282\" data-element_type=\"container\" data-settings=\"{&quot;content_width&quot;:&quot;full&quot;,&quot;container_type&quot;:&quot;flex&quot;}\">\n\t\t\t\t<\/div>\n\t\t\t\t\t<\/div>\n\t\t\t\t<\/div>\n\t\t<div class=\"elementor-element elementor-element-243c545 e-grid e-con-boxed e-con e-parent\" data-id=\"243c545\" data-element_type=\"container\" data-settings=\"{&quot;container_type&quot;:&quot;grid&quot;,&quot;grid_columns_grid&quot;:{&quot;unit&quot;:&quot;fr&quot;,&quot;size&quot;:&quot;2&quot;,&quot;sizes&quot;:[]},&quot;grid_rows_grid&quot;:{&quot;unit&quot;:&quot;fr&quot;,&quot;size&quot;:&quot;1&quot;,&quot;sizes&quot;:[]},&quot;grid_rows_grid_mobile&quot;:{&quot;unit&quot;:&quot;fr&quot;,&quot;size&quot;:&quot;1&quot;,&quot;sizes&quot;:[]},&quot;content_width&quot;:&quot;boxed&quot;,&quot;grid_outline&quot;:&quot;yes&quot;,&quot;grid_columns_grid_tablet&quot;:{&quot;unit&quot;:&quot;fr&quot;,&quot;size&quot;:&quot;&quot;,&quot;sizes&quot;:[]},&quot;grid_columns_grid_mobile&quot;:{&quot;unit&quot;:&quot;fr&quot;,&quot;size&quot;:1,&quot;sizes&quot;:[]},&quot;grid_rows_grid_tablet&quot;:{&quot;unit&quot;:&quot;fr&quot;,&quot;size&quot;:&quot;&quot;,&quot;sizes&quot;:[]},&quot;grid_auto_flow&quot;:&quot;row&quot;,&quot;grid_auto_flow_tablet&quot;:&quot;row&quot;,&quot;grid_auto_flow_mobile&quot;:&quot;row&quot;}\" data-core-v316-plus=\"true\">\n\t\t\t\t\t<div class=\"e-con-inner\">\n\t\t\t\t<div class=\"elementor-element elementor-element-5c60940 elementor-widget elementor-widget-heading\" data-id=\"5c60940\" data-element_type=\"widget\" data-widget_type=\"heading.default\">\n\t\t\t\t<div class=\"elementor-widget-container\">\n\t\t\t<h2 class=\"elementor-heading-title elementor-size-default\">Produktion i Kina, europeisk garanti<\/h2>\t\t<\/div>\n\t\t\t\t<\/div>\n\t\t\t\t<div class=\"elementor-element elementor-element-2b01941 elementor-widget elementor-widget-text-editor\" data-id=\"2b01941\" data-element_type=\"widget\" data-widget_type=\"text-editor.default\">\n\t\t\t\t<div class=\"elementor-widget-container\">\n\t\t\t<style>\/*! elementor - v3.18.0 - 20-12-2023 *\/\n.elementor-widget-text-editor.elementor-drop-cap-view-stacked .elementor-drop-cap{background-color:#69727d;color:#fff}.elementor-widget-text-editor.elementor-drop-cap-view-framed .elementor-drop-cap{color:#69727d;border:3px solid;background-color:transparent}.elementor-widget-text-editor:not(.elementor-drop-cap-view-default) .elementor-drop-cap{margin-top:8px}.elementor-widget-text-editor:not(.elementor-drop-cap-view-default) .elementor-drop-cap-letter{width:1em;height:1em}.elementor-widget-text-editor .elementor-drop-cap{float:left;text-align:center;line-height:1;font-size:50px}.elementor-widget-text-editor .elementor-drop-cap-letter{display:inline-block}<\/style>\t\t\t\t<p>Vi \u00e4r en kombination av f\u00f6rdelarna med tillverkning i Kina och en europeisk juridisk person. Vi har <strong>en bepr\u00f6vad produktionsanl\u00e4ggning<\/strong>. Som <strong>experter p\u00e5 formsprutningsteknik<\/strong> verifierar vi antagandena och d\u00e4refter riktigheten hos den form som tillverkas.  <\/p>\n\t\t\t\t\t\t<\/div>\n\t\t\t\t<\/div>\n\t\t\t\t\t<\/div>\n\t\t\t\t<\/div>\n\t\t<div class=\"elementor-element elementor-element-9447c97 e-grid e-con-boxed e-con e-parent\" data-id=\"9447c97\" data-element_type=\"container\" data-settings=\"{&quot;container_type&quot;:&quot;grid&quot;,&quot;grid_columns_grid&quot;:{&quot;unit&quot;:&quot;fr&quot;,&quot;size&quot;:&quot;2&quot;,&quot;sizes&quot;:[]},&quot;grid_rows_grid&quot;:{&quot;unit&quot;:&quot;fr&quot;,&quot;size&quot;:&quot;1&quot;,&quot;sizes&quot;:[]},&quot;grid_rows_grid_mobile&quot;:{&quot;unit&quot;:&quot;fr&quot;,&quot;size&quot;:&quot;1&quot;,&quot;sizes&quot;:[]},&quot;content_width&quot;:&quot;boxed&quot;,&quot;grid_outline&quot;:&quot;yes&quot;,&quot;grid_columns_grid_tablet&quot;:{&quot;unit&quot;:&quot;fr&quot;,&quot;size&quot;:&quot;&quot;,&quot;sizes&quot;:[]},&quot;grid_columns_grid_mobile&quot;:{&quot;unit&quot;:&quot;fr&quot;,&quot;size&quot;:1,&quot;sizes&quot;:[]},&quot;grid_rows_grid_tablet&quot;:{&quot;unit&quot;:&quot;fr&quot;,&quot;size&quot;:&quot;&quot;,&quot;sizes&quot;:[]},&quot;grid_auto_flow&quot;:&quot;row&quot;,&quot;grid_auto_flow_tablet&quot;:&quot;row&quot;,&quot;grid_auto_flow_mobile&quot;:&quot;row&quot;}\" data-core-v316-plus=\"true\">\n\t\t\t\t\t<div class=\"e-con-inner\">\n\t\t\t\t<div class=\"elementor-element elementor-element-4672251 elementor-widget elementor-widget-heading\" data-id=\"4672251\" data-element_type=\"widget\" data-widget_type=\"heading.default\">\n\t\t\t\t<div class=\"elementor-widget-container\">\n\t\t\t<h2 class=\"elementor-heading-title elementor-size-default\">Att arbeta med formsprutning inneb\u00e4r trygghet och s\u00e4kerhet<\/h2>\t\t<\/div>\n\t\t\t\t<\/div>\n\t\t\t\t<div class=\"elementor-element elementor-element-f3a06b5 elementor-widget elementor-widget-text-editor\" data-id=\"f3a06b5\" data-element_type=\"widget\" data-widget_type=\"text-editor.default\">\n\t\t\t\t<div class=\"elementor-widget-container\">\n\t\t\t\t\t\t\t<p>Att tillverka formsprutningsverktyg i Kina inneb\u00e4r m\u00e5nga utmaningar, till exempel att v\u00e4lja r\u00e4tt anl\u00e4ggning och verktygsparametrar. Vi \u00e4r experter p\u00e5 b\u00e5de formtillverkning och plastbearbetning, s\u00e5 vi kan v\u00e4lja r\u00e4tt formparametrar och minimera eventuella risker med att importera formar p\u00e5 egen hand, till exempel os\u00e4kerhet kring tillverkningsanl\u00e4ggningen, kommunikationsproblem, avsaknad av en europeisk produktgaranti eller att sj\u00e4lv beh\u00f6va ta hand om tull, transport och andra dokument.<\/p>\n<p>Genom att arbeta med oss kommer du d\u00e4rf\u00f6r att undvika:<\/p>\n<ul style=\"font-size: 14px; background-image: none; background-color: #ffffff;\">\n<li style=\"font-size: 14px; background-image: none; background-color: #ffffff;\">r\u00e4dsla f\u00f6r att formen inte kommer att n\u00e5 dig eller inte kommer att uppfylla dina krav (t.ex. kommer att ha en l\u00e5g livsl\u00e4ngd, kommer att anv\u00e4nda budgetmaterial, kommer att vara f\u00f6r liten)<\/li>\n<li style=\"font-size: 14px; background-image: none; background-color: #ffffff;\">F\u00f6rseningar i tillverkningen av gjutformar och prototyper (t.ex. flera kommentarer som inte kommer att beaktas).<br \/>L\u00e5t oss tillverka ditt formsprutningsverktyg i Kina och vi tar hand om allt s\u00e5 att verktygen uppfyller dina f\u00f6rv\u00e4ntningar och blir klara i tid.<\/li>\n<\/ul>\n\t\t\t\t\t\t<\/div>\n\t\t\t\t<\/div>\n\t\t\t\t\t<\/div>\n\t\t\t\t<\/div>\n\t\t<div class=\"elementor-element elementor-element-9e7cd5c e-grid e-con-boxed e-con e-parent\" data-id=\"9e7cd5c\" data-element_type=\"container\" data-settings=\"{&quot;container_type&quot;:&quot;grid&quot;,&quot;grid_columns_grid&quot;:{&quot;unit&quot;:&quot;fr&quot;,&quot;size&quot;:&quot;2&quot;,&quot;sizes&quot;:[]},&quot;grid_rows_grid&quot;:{&quot;unit&quot;:&quot;fr&quot;,&quot;size&quot;:&quot;1&quot;,&quot;sizes&quot;:[]},&quot;grid_rows_grid_mobile&quot;:{&quot;unit&quot;:&quot;fr&quot;,&quot;size&quot;:&quot;1&quot;,&quot;sizes&quot;:[]},&quot;content_width&quot;:&quot;boxed&quot;,&quot;grid_outline&quot;:&quot;yes&quot;,&quot;grid_columns_grid_tablet&quot;:{&quot;unit&quot;:&quot;fr&quot;,&quot;size&quot;:&quot;&quot;,&quot;sizes&quot;:[]},&quot;grid_columns_grid_mobile&quot;:{&quot;unit&quot;:&quot;fr&quot;,&quot;size&quot;:1,&quot;sizes&quot;:[]},&quot;grid_rows_grid_tablet&quot;:{&quot;unit&quot;:&quot;fr&quot;,&quot;size&quot;:&quot;&quot;,&quot;sizes&quot;:[]},&quot;grid_auto_flow&quot;:&quot;row&quot;,&quot;grid_auto_flow_tablet&quot;:&quot;row&quot;,&quot;grid_auto_flow_mobile&quot;:&quot;row&quot;}\" data-core-v316-plus=\"true\">\n\t\t\t\t\t<div class=\"e-con-inner\">\n\t\t\t\t<div class=\"elementor-element elementor-element-e97783d elementor-widget elementor-widget-heading\" data-id=\"e97783d\" data-element_type=\"widget\" data-widget_type=\"heading.default\">\n\t\t\t\t<div class=\"elementor-widget-container\">\n\t\t\t<h2 class=\"elementor-heading-title elementor-size-default\">Garanti och ansvar<\/h2>\t\t<\/div>\n\t\t\t\t<\/div>\n\t\t\t\t<div class=\"elementor-element elementor-element-847b1cc elementor-widget elementor-widget-text-editor\" data-id=\"847b1cc\" data-element_type=\"widget\" data-widget_type=\"text-editor.default\">\n\t\t\t\t<div class=\"elementor-widget-container\">\n\t\t\t\t\t\t\t<p>Vi tar fullt ansvar f\u00f6r att det formul\u00e4r du f\u00e5r uppfyller dina behov.<\/p><p>Standardgarantin \u00e4r tre \u00e5r, eller 500.000 produktionscykler genom formverktyget. Vi kan f\u00f6rl\u00e4nga den vid behov.<\/p><ul style=\"font-size: 14px; background-image: none; background-color: #ffffff;\">\n<\/ul>\t\t\t\t\t\t<\/div>\n\t\t\t\t<\/div>\n\t\t\t\t\t<\/div>\n\t\t\t\t<\/div>\n\t\t\t\t\t\t\t<\/div>\n\t\t","protected":false},"excerpt":{"rendered":"<p>Produktion i Kina, europeisk garanti Vi \u00e4r en kombination av f\u00f6rdelarna med tillverkning i Kina och en europeisk juridisk person. Vi har en bepr\u00f6vad produktionsanl\u00e4ggning. Som experter p\u00e5 formsprutningsteknik verifierar vi antagandena och d\u00e4refter riktigheten hos den form som tillverkas. Att arbeta med formsprutning inneb\u00e4r trygghet och s\u00e4kerhet Att tillverka formsprutningsverktyg i Kina inneb\u00e4r m\u00e5nga [&hellip;]<\/p>\n","protected":false},"author":4,"featured_media":0,"parent":0,"menu_order":0,"comment_status":"closed","ping_status":"closed","template":"elementor_header_footer","meta":{"om_disable_all_campaigns":false,"_uf_show_specific_survey":0,"_uf_disable_surveys":false,"footnotes":""},"class_list":["post-1088","page","type-page","status-publish","hentry"],"yoast_head":"<!-- This site is optimized with the Yoast SEO plugin v21.8 - https:\/\/yoast.com\/wordpress\/plugins\/seo\/ -->\n<title>Garanti - Injection Molds<\/title>\n<meta name=\"robots\" content=\"index, follow, max-snippet:-1, max-image-preview:large, max-video-preview:-1\" \/>\n<link rel=\"canonical\" href=\"https:\/\/injection-molds.eu\/sv\/garanti\/\" \/>\n<meta property=\"og:locale\" content=\"sv_SE\" \/>\n<meta property=\"og:type\" content=\"article\" \/>\n<meta property=\"og:title\" content=\"Garanti - Injection Molds\" \/>\n<meta property=\"og:description\" content=\"Produktion i Kina, europeisk garanti Vi \u00e4r en kombination av f\u00f6rdelarna med tillverkning i Kina och en europeisk juridisk person. Vi har en bepr\u00f6vad produktionsanl\u00e4ggning. Som experter p\u00e5 formsprutningsteknik verifierar vi antagandena och d\u00e4refter riktigheten hos den form som tillverkas. Att arbeta med formsprutning inneb\u00e4r trygghet och s\u00e4kerhet Att tillverka formsprutningsverktyg i Kina inneb\u00e4r m\u00e5nga [&hellip;]\" \/>\n<meta property=\"og:url\" content=\"https:\/\/injection-molds.eu\/sv\/garanti\/\" \/>\n<meta property=\"og:site_name\" content=\"Injection Molds\" \/>\n<meta property=\"article:modified_time\" content=\"2024-04-11T10:42:36+00:00\" \/>\n<meta name=\"twitter:card\" content=\"summary_large_image\" \/>\n<meta name=\"twitter:label1\" content=\"Ber\u00e4knad l\u00e4stid\" \/>\n\t<meta name=\"twitter:data1\" content=\"1 minut\" \/>\n<script type=\"application\/ld+json\" class=\"yoast-schema-graph\">{\"@context\":\"https:\/\/schema.org\",\"@graph\":[{\"@type\":\"WebPage\",\"@id\":\"https:\/\/injection-molds.eu\/sv\/garanti\/\",\"url\":\"https:\/\/injection-molds.eu\/sv\/garanti\/\",\"name\":\"Garanti - Injection Molds\",\"isPartOf\":{\"@id\":\"https:\/\/injection-molds.eu\/sv\/#website\"},\"datePublished\":\"2024-01-12T11:10:33+00:00\",\"dateModified\":\"2024-04-11T10:42:36+00:00\",\"breadcrumb\":{\"@id\":\"https:\/\/injection-molds.eu\/sv\/garanti\/#breadcrumb\"},\"inLanguage\":\"sv-SE\",\"potentialAction\":[{\"@type\":\"ReadAction\",\"target\":[\"https:\/\/injection-molds.eu\/sv\/garanti\/\"]}]},{\"@type\":\"BreadcrumbList\",\"@id\":\"https:\/\/injection-molds.eu\/sv\/garanti\/#breadcrumb\",\"itemListElement\":[{\"@type\":\"ListItem\",\"position\":1,\"name\":\"Strona g\u0142\u00f3wna\",\"item\":\"https:\/\/injection-molds.eu\/sv\/\"},{\"@type\":\"ListItem\",\"position\":2,\"name\":\"Garanti\"}]},{\"@type\":\"WebSite\",\"@id\":\"https:\/\/injection-molds.eu\/sv\/#website\",\"url\":\"https:\/\/injection-molds.eu\/sv\/\",\"name\":\"Injection Molds\",\"description\":\"\",\"publisher\":{\"@id\":\"https:\/\/injection-molds.eu\/sv\/#organization\"},\"potentialAction\":[{\"@type\":\"SearchAction\",\"target\":{\"@type\":\"EntryPoint\",\"urlTemplate\":\"https:\/\/injection-molds.eu\/sv\/?s={search_term_string}\"},\"query-input\":\"required name=search_term_string\"}],\"inLanguage\":\"sv-SE\"},{\"@type\":\"Organization\",\"@id\":\"https:\/\/injection-molds.eu\/sv\/#organization\",\"name\":\"Injection Molds\",\"url\":\"https:\/\/injection-molds.eu\/sv\/\",\"logo\":{\"@type\":\"ImageObject\",\"inLanguage\":\"sv-SE\",\"@id\":\"https:\/\/injection-molds.eu\/sv\/#\/schema\/logo\/image\/\",\"url\":\"https:\/\/injection-molds.eu\/wp-content\/uploads\/2024\/01\/Logo.svg\",\"contentUrl\":\"https:\/\/injection-molds.eu\/wp-content\/uploads\/2024\/01\/Logo.svg\",\"width\":174,\"height\":29,\"caption\":\"Injection Molds\"},\"image\":{\"@id\":\"https:\/\/injection-molds.eu\/sv\/#\/schema\/logo\/image\/\"}}]}<\/script>\n<!-- \/ Yoast SEO plugin. -->","yoast_head_json":{"title":"Garanti - Injection Molds","robots":{"index":"index","follow":"follow","max-snippet":"max-snippet:-1","max-image-preview":"max-image-preview:large","max-video-preview":"max-video-preview:-1"},"canonical":"https:\/\/injection-molds.eu\/sv\/garanti\/","og_locale":"sv_SE","og_type":"article","og_title":"Garanti - Injection Molds","og_description":"Produktion i Kina, europeisk garanti Vi \u00e4r en kombination av f\u00f6rdelarna med tillverkning i Kina och en europeisk juridisk person. Vi har en bepr\u00f6vad produktionsanl\u00e4ggning. Som experter p\u00e5 formsprutningsteknik verifierar vi antagandena och d\u00e4refter riktigheten hos den form som tillverkas. Att arbeta med formsprutning inneb\u00e4r trygghet och s\u00e4kerhet Att tillverka formsprutningsverktyg i Kina inneb\u00e4r m\u00e5nga [&hellip;]","og_url":"https:\/\/injection-molds.eu\/sv\/garanti\/","og_site_name":"Injection Molds","article_modified_time":"2024-04-11T10:42:36+00:00","twitter_card":"summary_large_image","twitter_misc":{"Ber\u00e4knad l\u00e4stid":"1 minut"},"schema":{"@context":"https:\/\/schema.org","@graph":[{"@type":"WebPage","@id":"https:\/\/injection-molds.eu\/sv\/garanti\/","url":"https:\/\/injection-molds.eu\/sv\/garanti\/","name":"Garanti - Injection Molds","isPartOf":{"@id":"https:\/\/injection-molds.eu\/sv\/#website"},"datePublished":"2024-01-12T11:10:33+00:00","dateModified":"2024-04-11T10:42:36+00:00","breadcrumb":{"@id":"https:\/\/injection-molds.eu\/sv\/garanti\/#breadcrumb"},"inLanguage":"sv-SE","potentialAction":[{"@type":"ReadAction","target":["https:\/\/injection-molds.eu\/sv\/garanti\/"]}]},{"@type":"BreadcrumbList","@id":"https:\/\/injection-molds.eu\/sv\/garanti\/#breadcrumb","itemListElement":[{"@type":"ListItem","position":1,"name":"Strona g\u0142\u00f3wna","item":"https:\/\/injection-molds.eu\/sv\/"},{"@type":"ListItem","position":2,"name":"Garanti"}]},{"@type":"WebSite","@id":"https:\/\/injection-molds.eu\/sv\/#website","url":"https:\/\/injection-molds.eu\/sv\/","name":"Injection Molds","description":"","publisher":{"@id":"https:\/\/injection-molds.eu\/sv\/#organization"},"potentialAction":[{"@type":"SearchAction","target":{"@type":"EntryPoint","urlTemplate":"https:\/\/injection-molds.eu\/sv\/?s={search_term_string}"},"query-input":"required name=search_term_string"}],"inLanguage":"sv-SE"},{"@type":"Organization","@id":"https:\/\/injection-molds.eu\/sv\/#organization","name":"Injection Molds","url":"https:\/\/injection-molds.eu\/sv\/","logo":{"@type":"ImageObject","inLanguage":"sv-SE","@id":"https:\/\/injection-molds.eu\/sv\/#\/schema\/logo\/image\/","url":"https:\/\/injection-molds.eu\/wp-content\/uploads\/2024\/01\/Logo.svg","contentUrl":"https:\/\/injection-molds.eu\/wp-content\/uploads\/2024\/01\/Logo.svg","width":174,"height":29,"caption":"Injection Molds"},"image":{"@id":"https:\/\/injection-molds.eu\/sv\/#\/schema\/logo\/image\/"}}]}},"_links":{"self":[{"href":"https:\/\/injection-molds.eu\/sv\/wp-json\/wp\/v2\/pages\/1088","targetHints":{"allow":["GET"]}}],"collection":[{"href":"https:\/\/injection-molds.eu\/sv\/wp-json\/wp\/v2\/pages"}],"about":[{"href":"https:\/\/injection-molds.eu\/sv\/wp-json\/wp\/v2\/types\/page"}],"author":[{"embeddable":true,"href":"https:\/\/injection-molds.eu\/sv\/wp-json\/wp\/v2\/users\/4"}],"replies":[{"embeddable":true,"href":"https:\/\/injection-molds.eu\/sv\/wp-json\/wp\/v2\/comments?post=1088"}],"version-history":[{"count":1,"href":"https:\/\/injection-molds.eu\/sv\/wp-json\/wp\/v2\/pages\/1088\/revisions"}],"predecessor-version":[{"id":1090,"href":"https:\/\/injection-molds.eu\/sv\/wp-json\/wp\/v2\/pages\/1088\/revisions\/1090"}],"wp:attachment":[{"href":"https:\/\/injection-molds.eu\/sv\/wp-json\/wp\/v2\/media?parent=1088"}],"curies":[{"name":"wp","href":"https:\/\/api.w.org\/{rel}","templated":true}]}}